{"id":1021,"date":"2025-03-03T23:36:56","date_gmt":"2025-03-03T20:36:56","guid":{"rendered":"http:\/\/test.gofra.lv\/?page_id=1021"},"modified":"2025-11-13T23:59:12","modified_gmt":"2025-11-13T21:59:12","slug":"par-mums","status":"publish","type":"page","link":"https:\/\/www.gofra.lv\/en\/par-mums\/","title":{"rendered":"About us"},"content":{"rendered":"<div data-elementor-type=\"wp-page\" data-elementor-id=\"1021\" class=\"elementor elementor-1021\" data-elementor-post-type=\"page\">\n\t\t\t\t<div class=\"elementor-element elementor-element-40c1478 e-con-full e-flex e-con e-parent\" data-id=\"40c1478\" data-element_type=\"container\">\n\t\t<div class=\"elementor-element elementor-element-4115bd1 e-con-full e-flex e-con e-child\" data-id=\"4115bd1\" data-element_type=\"container\">\n\t\t\t\t<div class=\"elementor-element elementor-element-1e5e09c elementor-widget elementor-widget-heading\" data-id=\"1e5e09c\" data-element_type=\"widget\" data-widget_type=\"heading.default\">\n\t\t\t\t<div class=\"elementor-widget-container\">\n\t\t\t\t\t<h2 class=\"elementor-heading-title elementor-size-default\">Who are we?<\/h2>\t\t\t\t<\/div>\n\t\t\t\t<\/div>\n\t\t\t\t<div class=\"elementor-element elementor-element-40a662d elementor-widget elementor-widget-heading\" data-id=\"40a662d\" data-element_type=\"widget\" data-widget_type=\"heading.default\">\n\t\t\t\t<div class=\"elementor-widget-container\">\n\t\t\t\t\t<h2 class=\"elementor-heading-title elementor-size-default\">SIA \"Jenson iepakojums\" has been operating in the corrugated cardboard and corrugated packaging manufacturing market since 1998.<br><br> The company produces various types of products, ranging from standard packaging to unique structures with 3-color flexographic printing.<\/h2>\t\t\t\t<\/div>\n\t\t\t\t<\/div>\n\t\t\t\t<\/div>\n\t\t<div class=\"elementor-element elementor-element-5470f6f e-con-full e-flex e-con e-child\" data-id=\"5470f6f\" data-element_type=\"container\">\n\t\t\t\t<div class=\"elementor-element elementor-element-7d575a7 elementor-widget elementor-widget-image\" data-id=\"7d575a7\" data-element_type=\"widget\" data-widget_type=\"image.default\">\n\t\t\t\t<div class=\"elementor-widget-container\">\n\t\t\t\t\t\t\t\t\t\t\t\t\t\t\t<img fetchpriority=\"high\" decoding=\"async\" width=\"1600\" height=\"1200\" src=\"https:\/\/www.gofra.lv\/wp-content\/uploads\/2025\/03\/Building.webp\" class=\"attachment-full size-full wp-image-2005\" alt=\"\" srcset=\"https:\/\/www.gofra.lv\/wp-content\/uploads\/2025\/03\/Building.webp 1600w, https:\/\/www.gofra.lv\/wp-content\/uploads\/2025\/03\/Building-300x225.webp 300w, https:\/\/www.gofra.lv\/wp-content\/uploads\/2025\/03\/Building-1024x768.webp 1024w, https:\/\/www.gofra.lv\/wp-content\/uploads\/2025\/03\/Building-768x576.webp 768w, https:\/\/www.gofra.lv\/wp-content\/uploads\/2025\/03\/Building-1536x1152.webp 1536w, https:\/\/www.gofra.lv\/wp-content\/uploads\/2025\/03\/Building-16x12.webp 16w, https:\/\/www.gofra.lv\/wp-content\/uploads\/2025\/03\/Building-600x450.webp 600w\" sizes=\"(max-width: 1600px) 100vw, 1600px\" \/>\t\t\t\t\t\t\t\t\t\t\t\t\t\t\t<\/div>\n\t\t\t\t<\/div>\n\t\t\t\t<\/div>\n\t\t\t\t<\/div>\n\t\t<div class=\"elementor-element elementor-element-8a56b69 e-flex e-con-boxed e-con e-parent\" data-id=\"8a56b69\" data-element_type=\"container\">\n\t\t\t\t\t<div class=\"e-con-inner\">\n\t\t\t\t<div class=\"elementor-element elementor-element-13332af elementor-widget elementor-widget-heading\" data-id=\"13332af\" data-element_type=\"widget\" data-widget_type=\"heading.default\">\n\t\t\t\t<div class=\"elementor-widget-container\">\n\t\t\t\t\t<h2 class=\"elementor-heading-title elementor-size-default\">What can we offer our clients?<\/h2>\t\t\t\t<\/div>\n\t\t\t\t<\/div>\n\t\t<div class=\"elementor-element elementor-element-64c70b3 e-con-full e-flex e-con e-child\" data-id=\"64c70b3\" data-element_type=\"container\">\n\t\t<div class=\"elementor-element elementor-element-455a102 e-con-full e-flex e-con e-child\" data-id=\"455a102\" data-element_type=\"container\">\n\t\t\t\t<div class=\"elementor-element elementor-element-884602d elementor-widget elementor-widget-heading\" data-id=\"884602d\" data-element_type=\"widget\" data-widget_type=\"heading.default\">\n\t\t\t\t<div class=\"elementor-widget-container\">\n\t\t\t\t\t<h2 class=\"elementor-heading-title elementor-size-default\">Cardboard cutting<\/h2>\t\t\t\t<\/div>\n\t\t\t\t<\/div>\n\t\t\t\t<div class=\"elementor-element elementor-element-7c29556 elementor-widget elementor-widget-heading\" data-id=\"7c29556\" data-element_type=\"widget\" data-widget_type=\"heading.default\">\n\t\t\t\t<div class=\"elementor-widget-container\">\n\t\t\t\t\t<h2 class=\"elementor-heading-title elementor-size-default\">High-quality sheet cutting using modern equipment and ensuring high precision.<\/h2>\t\t\t\t<\/div>\n\t\t\t\t<\/div>\n\t\t\t\t<\/div>\n\t\t<div class=\"elementor-element elementor-element-a299943 e-con-full e-flex e-con e-child\" data-id=\"a299943\" data-element_type=\"container\">\n\t\t\t\t<div class=\"elementor-element elementor-element-a7d3eb1 elementor-widget elementor-widget-image\" data-id=\"a7d3eb1\" data-element_type=\"widget\" data-widget_type=\"image.default\">\n\t\t\t\t<div class=\"elementor-widget-container\">\n\t\t\t\t\t\t\t\t\t\t\t\t\t\t\t<img decoding=\"async\" width=\"2560\" height=\"1920\" src=\"https:\/\/www.gofra.lv\/wp-content\/uploads\/2025\/03\/cutting.webp\" class=\"attachment-full size-full wp-image-2004\" alt=\"\" srcset=\"https:\/\/www.gofra.lv\/wp-content\/uploads\/2025\/03\/cutting.webp 2560w, https:\/\/www.gofra.lv\/wp-content\/uploads\/2025\/03\/cutting-300x225.webp 300w, https:\/\/www.gofra.lv\/wp-content\/uploads\/2025\/03\/cutting-1024x768.webp 1024w, https:\/\/www.gofra.lv\/wp-content\/uploads\/2025\/03\/cutting-768x576.webp 768w, https:\/\/www.gofra.lv\/wp-content\/uploads\/2025\/03\/cutting-1536x1152.webp 1536w, https:\/\/www.gofra.lv\/wp-content\/uploads\/2025\/03\/cutting-2048x1536.webp 2048w, https:\/\/www.gofra.lv\/wp-content\/uploads\/2025\/03\/cutting-16x12.webp 16w, https:\/\/www.gofra.lv\/wp-content\/uploads\/2025\/03\/cutting-600x450.webp 600w\" sizes=\"(max-width: 2560px) 100vw, 2560px\" \/>\t\t\t\t\t\t\t\t\t\t\t\t\t\t\t<\/div>\n\t\t\t\t<\/div>\n\t\t\t\t<\/div>\n\t\t\t\t<\/div>\n\t\t<div class=\"elementor-element elementor-element-4ce5982 e-con-full e-flex e-con e-child\" data-id=\"4ce5982\" data-element_type=\"container\">\n\t\t<div class=\"elementor-element elementor-element-42b8b1c e-con-full e-flex e-con e-child\" data-id=\"42b8b1c\" data-element_type=\"container\">\n\t\t\t\t<div class=\"elementor-element elementor-element-0581422 elementor-widget elementor-widget-heading\" data-id=\"0581422\" data-element_type=\"widget\" data-widget_type=\"heading.default\">\n\t\t\t\t<div class=\"elementor-widget-container\">\n\t\t\t\t\t<h2 class=\"elementor-heading-title elementor-size-default\">Cardboard scoring<\/h2>\t\t\t\t<\/div>\n\t\t\t\t<\/div>\n\t\t\t\t<div class=\"elementor-element elementor-element-2679a8c elementor-widget elementor-widget-heading\" data-id=\"2679a8c\" data-element_type=\"widget\" data-widget_type=\"heading.default\">\n\t\t\t\t<div class=\"elementor-widget-container\">\n\t\t\t\t\t<h2 class=\"elementor-heading-title elementor-size-default\">We offer precise and high-quality scoring that ensures clean and even fold lines, facilitating folding and preserving the material's structure intact.<\/h2>\t\t\t\t<\/div>\n\t\t\t\t<\/div>\n\t\t\t\t<\/div>\n\t\t<div class=\"elementor-element elementor-element-f2cfd62 e-con-full e-flex e-con e-child\" data-id=\"f2cfd62\" data-element_type=\"container\">\n\t\t\t\t<div class=\"elementor-element elementor-element-55b729d elementor-widget elementor-widget-image\" data-id=\"55b729d\" data-element_type=\"widget\" data-widget_type=\"image.default\">\n\t\t\t\t<div class=\"elementor-widget-container\">\n\t\t\t\t\t\t\t\t\t\t\t\t\t\t\t<img decoding=\"async\" width=\"2560\" height=\"1920\" src=\"https:\/\/www.gofra.lv\/wp-content\/uploads\/2025\/03\/Creasing.webp\" class=\"attachment-full size-full wp-image-2008\" alt=\"\" srcset=\"https:\/\/www.gofra.lv\/wp-content\/uploads\/2025\/03\/Creasing.webp 2560w, https:\/\/www.gofra.lv\/wp-content\/uploads\/2025\/03\/Creasing-300x225.webp 300w, https:\/\/www.gofra.lv\/wp-content\/uploads\/2025\/03\/Creasing-1024x768.webp 1024w, https:\/\/www.gofra.lv\/wp-content\/uploads\/2025\/03\/Creasing-768x576.webp 768w, https:\/\/www.gofra.lv\/wp-content\/uploads\/2025\/03\/Creasing-1536x1152.webp 1536w, https:\/\/www.gofra.lv\/wp-content\/uploads\/2025\/03\/Creasing-2048x1536.webp 2048w, https:\/\/www.gofra.lv\/wp-content\/uploads\/2025\/03\/Creasing-16x12.webp 16w, https:\/\/www.gofra.lv\/wp-content\/uploads\/2025\/03\/Creasing-600x450.webp 600w\" sizes=\"(max-width: 2560px) 100vw, 2560px\" \/>\t\t\t\t\t\t\t\t\t\t\t\t\t\t\t<\/div>\n\t\t\t\t<\/div>\n\t\t\t\t<\/div>\n\t\t\t\t<\/div>\n\t\t<div class=\"elementor-element elementor-element-1094b9c e-con-full e-flex e-con e-child\" data-id=\"1094b9c\" data-element_type=\"container\">\n\t\t<div class=\"elementor-element elementor-element-a72df95 e-con-full e-flex e-con e-child\" data-id=\"a72df95\" data-element_type=\"container\">\n\t\t\t\t<div class=\"elementor-element elementor-element-eba8c5f elementor-widget elementor-widget-heading\" data-id=\"eba8c5f\" data-element_type=\"widget\" data-widget_type=\"heading.default\">\n\t\t\t\t<div class=\"elementor-widget-container\">\n\t\t\t\t\t<h2 class=\"elementor-heading-title elementor-size-default\">Die-cut boxes<\/h2>\t\t\t\t<\/div>\n\t\t\t\t<\/div>\n\t\t\t\t<div class=\"elementor-element elementor-element-392050e elementor-widget elementor-widget-heading\" data-id=\"392050e\" data-element_type=\"widget\" data-widget_type=\"heading.default\">\n\t\t\t\t<div class=\"elementor-widget-container\">\n\t\t\t\t\t<h2 class=\"elementor-heading-title elementor-size-default\">We manufacture die-cut boxes and will help design an optimal layout tailored to your product\u2019s specifications and requirements.<\/h2>\t\t\t\t<\/div>\n\t\t\t\t<\/div>\n\t\t\t\t<\/div>\n\t\t<div class=\"elementor-element elementor-element-beccef2 e-con-full e-flex e-con e-child\" data-id=\"beccef2\" data-element_type=\"container\">\n\t\t\t\t<div class=\"elementor-element elementor-element-b746443 elementor-widget elementor-widget-image\" data-id=\"b746443\" data-element_type=\"widget\" data-widget_type=\"image.default\">\n\t\t\t\t<div class=\"elementor-widget-container\">\n\t\t\t\t\t\t\t\t\t\t\t\t\t\t\t<img loading=\"lazy\" decoding=\"async\" width=\"2560\" height=\"1920\" src=\"https:\/\/www.gofra.lv\/wp-content\/uploads\/2025\/03\/Die-cut3.webp\" class=\"attachment-full size-full wp-image-2018\" alt=\"\" srcset=\"https:\/\/www.gofra.lv\/wp-content\/uploads\/2025\/03\/Die-cut3.webp 2560w, https:\/\/www.gofra.lv\/wp-content\/uploads\/2025\/03\/Die-cut3-300x225.webp 300w, https:\/\/www.gofra.lv\/wp-content\/uploads\/2025\/03\/Die-cut3-1024x768.webp 1024w, https:\/\/www.gofra.lv\/wp-content\/uploads\/2025\/03\/Die-cut3-768x576.webp 768w, https:\/\/www.gofra.lv\/wp-content\/uploads\/2025\/03\/Die-cut3-1536x1152.webp 1536w, https:\/\/www.gofra.lv\/wp-content\/uploads\/2025\/03\/Die-cut3-2048x1536.webp 2048w, https:\/\/www.gofra.lv\/wp-content\/uploads\/2025\/03\/Die-cut3-16x12.webp 16w, https:\/\/www.gofra.lv\/wp-content\/uploads\/2025\/03\/Die-cut3-600x450.webp 600w\" sizes=\"(max-width: 2560px) 100vw, 2560px\" \/>\t\t\t\t\t\t\t\t\t\t\t\t\t\t\t<\/div>\n\t\t\t\t<\/div>\n\t\t\t\t<\/div>\n\t\t\t\t<\/div>\n\t\t<div class=\"elementor-element elementor-element-69a1250 e-con-full e-flex e-con e-child\" data-id=\"69a1250\" data-element_type=\"container\">\n\t\t<div class=\"elementor-element elementor-element-f683658 e-con-full e-flex e-con e-child\" data-id=\"f683658\" data-element_type=\"container\">\n\t\t\t\t<div class=\"elementor-element elementor-element-2c425f6 elementor-widget elementor-widget-heading\" data-id=\"2c425f6\" data-element_type=\"widget\" data-widget_type=\"heading.default\">\n\t\t\t\t<div class=\"elementor-widget-container\">\n\t\t\t\t\t<h2 class=\"elementor-heading-title elementor-size-default\">Large format die-cutting<\/h2>\t\t\t\t<\/div>\n\t\t\t\t<\/div>\n\t\t\t\t<div class=\"elementor-element elementor-element-70e0af5 elementor-widget elementor-widget-heading\" data-id=\"70e0af5\" data-element_type=\"widget\" data-widget_type=\"heading.default\">\n\t\t\t\t<div class=\"elementor-widget-container\">\n\t\t\t\t\t<h2 class=\"elementor-heading-title elementor-size-default\">With large-format cutting, you can bring even the most unconventional and creative packaging ideas to life.<\/h2>\t\t\t\t<\/div>\n\t\t\t\t<\/div>\n\t\t\t\t<\/div>\n\t\t<div class=\"elementor-element elementor-element-22c9fcf e-con-full e-flex e-con e-child\" data-id=\"22c9fcf\" data-element_type=\"container\">\n\t\t\t\t<div class=\"elementor-element elementor-element-7eb3725 elementor-widget elementor-widget-image\" data-id=\"7eb3725\" data-element_type=\"widget\" data-widget_type=\"image.default\">\n\t\t\t\t<div class=\"elementor-widget-container\">\n\t\t\t\t\t\t\t\t\t\t\t\t\t\t\t<img loading=\"lazy\" decoding=\"async\" width=\"2560\" height=\"1920\" src=\"https:\/\/www.gofra.lv\/wp-content\/uploads\/2025\/03\/Die-cut2.webp\" class=\"attachment-full size-full wp-image-2007\" alt=\"\" srcset=\"https:\/\/www.gofra.lv\/wp-content\/uploads\/2025\/03\/Die-cut2.webp 2560w, https:\/\/www.gofra.lv\/wp-content\/uploads\/2025\/03\/Die-cut2-300x225.webp 300w, https:\/\/www.gofra.lv\/wp-content\/uploads\/2025\/03\/Die-cut2-1024x768.webp 1024w, https:\/\/www.gofra.lv\/wp-content\/uploads\/2025\/03\/Die-cut2-768x576.webp 768w, https:\/\/www.gofra.lv\/wp-content\/uploads\/2025\/03\/Die-cut2-1536x1152.webp 1536w, https:\/\/www.gofra.lv\/wp-content\/uploads\/2025\/03\/Die-cut2-2048x1536.webp 2048w, https:\/\/www.gofra.lv\/wp-content\/uploads\/2025\/03\/Die-cut2-16x12.webp 16w, https:\/\/www.gofra.lv\/wp-content\/uploads\/2025\/03\/Die-cut2-600x450.webp 600w\" sizes=\"(max-width: 2560px) 100vw, 2560px\" \/>\t\t\t\t\t\t\t\t\t\t\t\t\t\t\t<\/div>\n\t\t\t\t<\/div>\n\t\t\t\t<\/div>\n\t\t\t\t<\/div>\n\t\t<div class=\"elementor-element elementor-element-e89907a e-con-full e-flex e-con e-child\" data-id=\"e89907a\" data-element_type=\"container\">\n\t\t<div class=\"elementor-element elementor-element-97210b9 e-con-full e-flex e-con e-child\" data-id=\"97210b9\" data-element_type=\"container\">\n\t\t\t\t<div class=\"elementor-element elementor-element-e36dc05 elementor-widget elementor-widget-heading\" data-id=\"e36dc05\" data-element_type=\"widget\" data-widget_type=\"heading.default\">\n\t\t\t\t<div class=\"elementor-widget-container\">\n\t\t\t\t\t<h2 class=\"elementor-heading-title elementor-size-default\">Largesized transport packaging!<\/h2>\t\t\t\t<\/div>\n\t\t\t\t<\/div>\n\t\t\t\t<div class=\"elementor-element elementor-element-6fe5943 elementor-widget elementor-widget-heading\" data-id=\"6fe5943\" data-element_type=\"widget\" data-widget_type=\"heading.default\">\n\t\t\t\t<div class=\"elementor-widget-container\">\n\t\t\t\t\t<h2 class=\"elementor-heading-title elementor-size-default\">If you have ever needed oversized pallet boxes \u2013 we are here to offer a solution!<br><br>We can manufacture large transport boxes, for example, 1200\u00d7800\u00d71000 mm, as well as other large sizes.<\/h2>\t\t\t\t<\/div>\n\t\t\t\t<\/div>\n\t\t\t\t<\/div>\n\t\t<div class=\"elementor-element elementor-element-036fa00 e-con-full e-flex e-con e-child\" data-id=\"036fa00\" data-element_type=\"container\">\n\t\t\t\t<div class=\"elementor-element elementor-element-5fe4776 elementor-widget elementor-widget-image\" data-id=\"5fe4776\" data-element_type=\"widget\" data-widget_type=\"image.default\">\n\t\t\t\t<div class=\"elementor-widget-container\">\n\t\t\t\t\t\t\t\t\t\t\t\t\t\t\t<img loading=\"lazy\" decoding=\"async\" width=\"2560\" height=\"1920\" src=\"https:\/\/www.gofra.lv\/wp-content\/uploads\/2025\/03\/Bigbox.webp\" class=\"attachment-full size-full wp-image-2031\" alt=\"\" srcset=\"https:\/\/www.gofra.lv\/wp-content\/uploads\/2025\/03\/Bigbox.webp 2560w, https:\/\/www.gofra.lv\/wp-content\/uploads\/2025\/03\/Bigbox-300x225.webp 300w, https:\/\/www.gofra.lv\/wp-content\/uploads\/2025\/03\/Bigbox-1024x768.webp 1024w, https:\/\/www.gofra.lv\/wp-content\/uploads\/2025\/03\/Bigbox-768x576.webp 768w, https:\/\/www.gofra.lv\/wp-content\/uploads\/2025\/03\/Bigbox-1536x1152.webp 1536w, https:\/\/www.gofra.lv\/wp-content\/uploads\/2025\/03\/Bigbox-2048x1536.webp 2048w, https:\/\/www.gofra.lv\/wp-content\/uploads\/2025\/03\/Bigbox-16x12.webp 16w, https:\/\/www.gofra.lv\/wp-content\/uploads\/2025\/03\/Bigbox-600x450.webp 600w\" sizes=\"(max-width: 2560px) 100vw, 2560px\" \/>\t\t\t\t\t\t\t\t\t\t\t\t\t\t\t<\/div>\n\t\t\t\t<\/div>\n\t\t\t\t<\/div>\n\t\t\t\t<\/div>\n\t\t<div class=\"elementor-element elementor-element-3015f37 e-con-full e-flex e-con e-child\" data-id=\"3015f37\" data-element_type=\"container\">\n\t\t<div class=\"elementor-element elementor-element-c36b7be e-con-full e-flex e-con e-child\" data-id=\"c36b7be\" data-element_type=\"container\">\n\t\t\t\t<div class=\"elementor-element elementor-element-24cca1a elementor-widget elementor-widget-heading\" data-id=\"24cca1a\" data-element_type=\"widget\" data-widget_type=\"heading.default\">\n\t\t\t\t<div class=\"elementor-widget-container\">\n\t\t\t\t\t<h2 class=\"elementor-heading-title elementor-size-default\">Flexo-print<\/h2>\t\t\t\t<\/div>\n\t\t\t\t<\/div>\n\t\t\t\t<div class=\"elementor-element elementor-element-4988b95 elementor-widget elementor-widget-heading\" data-id=\"4988b95\" data-element_type=\"widget\" data-widget_type=\"heading.default\">\n\t\t\t\t<div class=\"elementor-widget-container\">\n\t\t\t\t\t<h2 class=\"elementor-heading-title elementor-size-default\">We offer the possibility to perform 3-color flexographic printing on packaging according to the client's wishes, and we will also assist with layout design and print placement.<\/h2>\t\t\t\t<\/div>\n\t\t\t\t<\/div>\n\t\t\t\t<\/div>\n\t\t<div class=\"elementor-element elementor-element-890969c e-con-full e-flex e-con e-child\" data-id=\"890969c\" data-element_type=\"container\">\n\t\t\t\t<div class=\"elementor-element elementor-element-4c3b771 elementor-widget elementor-widget-image\" data-id=\"4c3b771\" data-element_type=\"widget\" data-widget_type=\"image.default\">\n\t\t\t\t<div class=\"elementor-widget-container\">\n\t\t\t\t\t\t\t\t\t\t\t\t\t\t\t<img loading=\"lazy\" decoding=\"async\" width=\"2560\" height=\"1920\" src=\"https:\/\/www.gofra.lv\/wp-content\/uploads\/2025\/03\/Print.webp\" class=\"attachment-full size-full wp-image-2039\" alt=\"\" srcset=\"https:\/\/www.gofra.lv\/wp-content\/uploads\/2025\/03\/Print.webp 2560w, https:\/\/www.gofra.lv\/wp-content\/uploads\/2025\/03\/Print-300x225.webp 300w, https:\/\/www.gofra.lv\/wp-content\/uploads\/2025\/03\/Print-1024x768.webp 1024w, https:\/\/www.gofra.lv\/wp-content\/uploads\/2025\/03\/Print-768x576.webp 768w, https:\/\/www.gofra.lv\/wp-content\/uploads\/2025\/03\/Print-1536x1152.webp 1536w, https:\/\/www.gofra.lv\/wp-content\/uploads\/2025\/03\/Print-2048x1536.webp 2048w, https:\/\/www.gofra.lv\/wp-content\/uploads\/2025\/03\/Print-16x12.webp 16w, https:\/\/www.gofra.lv\/wp-content\/uploads\/2025\/03\/Print-600x450.webp 600w\" sizes=\"(max-width: 2560px) 100vw, 2560px\" \/>\t\t\t\t\t\t\t\t\t\t\t\t\t\t\t<\/div>\n\t\t\t\t<\/div>\n\t\t\t\t<\/div>\n\t\t\t\t<\/div>\n\t\t<div class=\"elementor-element elementor-element-eca0ab6 e-con-full e-flex e-con e-child\" data-id=\"eca0ab6\" data-element_type=\"container\">\n\t\t<div class=\"elementor-element elementor-element-fdc60e9 e-con-full e-flex e-con e-child\" data-id=\"fdc60e9\" data-element_type=\"container\">\n\t\t\t\t<div class=\"elementor-element elementor-element-e29ead3 elementor-widget elementor-widget-heading\" data-id=\"e29ead3\" data-element_type=\"widget\" data-widget_type=\"heading.default\">\n\t\t\t\t<div class=\"elementor-widget-container\">\n\t\t\t\t\t<h2 class=\"elementor-heading-title elementor-size-default\">Two-layer corrugated cardboard rolls<\/h2>\t\t\t\t<\/div>\n\t\t\t\t<\/div>\n\t\t\t\t<div class=\"elementor-element elementor-element-ee506de elementor-widget elementor-widget-heading\" data-id=\"ee506de\" data-element_type=\"widget\" data-widget_type=\"heading.default\">\n\t\t\t\t<div class=\"elementor-widget-container\">\n\t\t\t\t\t<h2 class=\"elementor-heading-title elementor-size-default\">We manufacture and offer two-layer corrugated cardboard rolls suitable for packaging, protection, and transportation. The standard size is always available in stock: 1.2 m height, 42 m length.<\/h2>\t\t\t\t<\/div>\n\t\t\t\t<\/div>\n\t\t\t\t<\/div>\n\t\t<div class=\"elementor-element elementor-element-326153c e-con-full e-flex e-con e-child\" data-id=\"326153c\" data-element_type=\"container\">\n\t\t\t\t<div class=\"elementor-element elementor-element-8151dab elementor-widget elementor-widget-image\" data-id=\"8151dab\" data-element_type=\"widget\" data-widget_type=\"image.default\">\n\t\t\t\t<div class=\"elementor-widget-container\">\n\t\t\t\t\t\t\t\t\t\t\t\t\t\t\t<img loading=\"lazy\" decoding=\"async\" width=\"2560\" height=\"1920\" src=\"https:\/\/www.gofra.lv\/wp-content\/uploads\/2025\/03\/Rulli.webp\" class=\"attachment-full size-full wp-image-2040\" alt=\"\" srcset=\"https:\/\/www.gofra.lv\/wp-content\/uploads\/2025\/03\/Rulli.webp 2560w, https:\/\/www.gofra.lv\/wp-content\/uploads\/2025\/03\/Rulli-300x225.webp 300w, https:\/\/www.gofra.lv\/wp-content\/uploads\/2025\/03\/Rulli-1024x768.webp 1024w, https:\/\/www.gofra.lv\/wp-content\/uploads\/2025\/03\/Rulli-768x576.webp 768w, https:\/\/www.gofra.lv\/wp-content\/uploads\/2025\/03\/Rulli-1536x1152.webp 1536w, https:\/\/www.gofra.lv\/wp-content\/uploads\/2025\/03\/Rulli-2048x1536.webp 2048w, https:\/\/www.gofra.lv\/wp-content\/uploads\/2025\/03\/Rulli-16x12.webp 16w, https:\/\/www.gofra.lv\/wp-content\/uploads\/2025\/03\/Rulli-600x450.webp 600w\" sizes=\"(max-width: 2560px) 100vw, 2560px\" \/>\t\t\t\t\t\t\t\t\t\t\t\t\t\t\t<\/div>\n\t\t\t\t<\/div>\n\t\t\t\t<\/div>\n\t\t\t\t<\/div>\n\t\t\t\t\t<\/div>\n\t\t\t\t<\/div>\n\t\t<div class=\"elementor-element elementor-element-5f74ade e-flex e-con-boxed e-con e-parent\" data-id=\"5f74ade\" data-element_type=\"container\">\n\t\t\t\t\t<div class=\"e-con-inner\">\n\t\t<div class=\"elementor-element elementor-element-f309782 e-con-full e-flex e-con e-child\" data-id=\"f309782\" data-element_type=\"container\">\n\t\t\t\t<div class=\"elementor-element elementor-element-4dba347 elementor-widget elementor-widget-heading\" data-id=\"4dba347\" data-element_type=\"widget\" data-widget_type=\"heading.default\">\n\t\t\t\t<div class=\"elementor-widget-container\">\n\t\t\t\t\t<h2 class=\"elementor-heading-title elementor-size-default\"><b>Our company details:<\/b><br>\nName: SIA \"Jenson Iepakojums\"<br>\nReg.Nr.: LV 40003292579<br>\nLegal Address: Daugavgr\u012bvas iela 78, R\u012bga, LV-1007<br>\nActual Address: Daugavgr\u012bvas Street 78, Riga, LV-1007<br>\nBank: AS SEB Banka<br>\nSWIFT: UNLALV2X<br>\nAccount number: LV93UNLA0001010469762\n<\/h2>\t\t\t\t<\/div>\n\t\t\t\t<\/div>\n\t\t\t\t<div class=\"elementor-element elementor-element-0fe85ed elementor-widget elementor-widget-heading\" data-id=\"0fe85ed\" data-element_type=\"widget\" data-widget_type=\"heading.default\">\n\t\t\t\t<div class=\"elementor-widget-container\">\n\t\t\t\t\t<h2 class=\"elementor-heading-title elementor-size-default\"><b>Working hours<\/b><br><br>\nOffice<br>\nMon.-Fri.: 08:00 - 16:30<br>\nSaturday:--<br>\nSunday:--<\/h2>\t\t\t\t<\/div>\n\t\t\t\t<\/div>\n\t\t\t\t<div class=\"elementor-element elementor-element-692148d elementor-widget elementor-widget-heading\" data-id=\"692148d\" data-element_type=\"widget\" data-widget_type=\"heading.default\">\n\t\t\t\t<div class=\"elementor-widget-container\">\n\t\t\t\t\t<h2 class=\"elementor-heading-title elementor-size-default\"><b>Working hours<\/b><br><br>\nOrder Pickup:<br>\nMon.-Fri.: 10:00 - 18:00<br>\nSaturday:--<br>\nSunday:--<\/h2>\t\t\t\t<\/div>\n\t\t\t\t<\/div>\n\t\t\t\t<\/div>\n\t\t\t\t<div class=\"elementor-element elementor-element-5a3c272 elementor-widget elementor-widget-google_maps\" data-id=\"5a3c272\" data-element_type=\"widget\" data-widget_type=\"google_maps.default\">\n\t\t\t\t<div class=\"elementor-widget-container\">\n\t\t\t\t\t\t\t<div class=\"elementor-custom-embed\">\n\t\t\t<iframe loading=\"lazy\"\n\t\t\t\t\tsrc=\"https:\/\/maps.google.com\/maps?q=Jenson%20Iepakojums%20&#038;t=m&#038;z=15&#038;output=embed&#038;iwloc=near\"\n\t\t\t\t\ttitle=\"Jenson Iepakojums \"\n\t\t\t\t\taria-label=\"Jenson Iepakojums \"\n\t\t\t><\/iframe>\n\t\t<\/div>\n\t\t\t\t\t\t<\/div>\n\t\t\t\t<\/div>\n\t\t\t\t\t<\/div>\n\t\t\t\t<\/div>\n\t\t\t\t<\/div>","protected":false},"excerpt":{"rendered":"<p>Kas m\u0113s esam? SIA \u201eJenson iepakojums\u201d darbojas gofr\u0113ta kartona un gofr\u0113ta iepakojuma ra\u017eo\u0161anas tirg\u016b kop\u0161 1998. gada. Uz\u0146\u0113mums ra\u017eo da\u017e\u0101da veida produkciju, s\u0101kot ar standarta veida iepakojumu un beidzot ar unik\u0101laj\u0101m konstrukcij\u0101m ar 3 kr\u0101su flekso apdruku. Ko m\u0113s varam pied\u0101v\u0101t m\u016bsu klientiem? Kartona grie\u0161ana Kvalitat\u012bva lok\u0161\u0146u grie\u0161ana, izmantojot m\u016bsdien\u012bgas iek\u0101rtas un nodro\u0161inot augstu precizit\u0101ti. [&hellip;]<\/p>","protected":false},"author":1,"featured_media":0,"parent":0,"menu_order":0,"comment_status":"closed","ping_status":"closed","template":"","meta":{"footnotes":""},"class_list":["post-1021","page","type-page","status-publish","hentry"],"_links":{"self":[{"href":"https:\/\/www.gofra.lv\/en\/wp-json\/wp\/v2\/pages\/1021","targetHints":{"allow":["GET"]}}],"collection":[{"href":"https:\/\/www.gofra.lv\/en\/wp-json\/wp\/v2\/pages"}],"about":[{"href":"https:\/\/www.gofra.lv\/en\/wp-json\/wp\/v2\/types\/page"}],"author":[{"embeddable":true,"href":"https:\/\/www.gofra.lv\/en\/wp-json\/wp\/v2\/users\/1"}],"replies":[{"embeddable":true,"href":"https:\/\/www.gofra.lv\/en\/wp-json\/wp\/v2\/comments?post=1021"}],"version-history":[{"count":27,"href":"https:\/\/www.gofra.lv\/en\/wp-json\/wp\/v2\/pages\/1021\/revisions"}],"predecessor-version":[{"id":5867,"href":"https:\/\/www.gofra.lv\/en\/wp-json\/wp\/v2\/pages\/1021\/revisions\/5867"}],"wp:attachment":[{"href":"https:\/\/www.gofra.lv\/en\/wp-json\/wp\/v2\/media?parent=1021"}],"curies":[{"name":"wp","href":"https:\/\/api.w.org\/{rel}","templated":true}]}}