{"id":1023,"date":"2025-03-03T23:37:42","date_gmt":"2025-03-03T20:37:42","guid":{"rendered":"http:\/\/test.gofra.lv\/?page_id=1023"},"modified":"2026-01-16T09:59:00","modified_gmt":"2026-01-16T07:59:00","slug":"kontakti","status":"publish","type":"page","link":"https:\/\/www.gofra.lv\/en\/kontakti\/","title":{"rendered":"Contacts"},"content":{"rendered":"<div data-elementor-type=\"wp-page\" data-elementor-id=\"1023\" class=\"elementor elementor-1023\" data-elementor-post-type=\"page\">\n\t\t\t\t<div class=\"elementor-element elementor-element-29c52c8 e-flex e-con-boxed e-con e-parent\" data-id=\"29c52c8\" data-element_type=\"container\">\n\t\t\t\t\t<div class=\"e-con-inner\">\n\t\t<div class=\"elementor-element elementor-element-155f559 e-con-full e-flex e-con e-child\" data-id=\"155f559\" data-element_type=\"container\">\n\t\t\t\t<div class=\"elementor-element elementor-element-02840f3 elementor-widget elementor-widget-heading\" data-id=\"02840f3\" data-element_type=\"widget\" data-widget_type=\"heading.default\">\n\t\t\t\t<div class=\"elementor-widget-container\">\n\t\t\t\t\t<h2 class=\"elementor-heading-title elementor-size-default\"><b>Our company details:<\/b><br>\nName: SIA \"Jenson Iepakojums\"<br>\nReg.Nr.: LV 40003292579<br>\nLegal Address: Daugavgr\u012bvas iela 78, R\u012bga, LV-1007<br>\nActual Address: Daugavgr\u012bvas Street 78, Riga, LV-1007<br>\nBank: AS SEB Banka<br>\nSWIFT: UNLALV2X<br>\nAccount number: LV93UNLA0001010469762\n<\/h2>\t\t\t\t<\/div>\n\t\t\t\t<\/div>\n\t\t\t\t<\/div>\n\t\t<div class=\"elementor-element elementor-element-d11098c e-con-full e-flex e-con e-child\" data-id=\"d11098c\" data-element_type=\"container\">\n\t\t\t\t<div class=\"elementor-element elementor-element-e058551 elementor-widget elementor-widget-heading\" data-id=\"e058551\" data-element_type=\"widget\" data-widget_type=\"heading.default\">\n\t\t\t\t<div class=\"elementor-widget-container\">\n\t\t\t\t\t<h2 class=\"elementor-heading-title elementor-size-default\"><b>Working hours<\/b><br><br>\nOffice<br>\nMon.-Fri.: 08:00 - 16:30<br>\nSaturday:--<br>\nSunday:--<\/h2>\t\t\t\t<\/div>\n\t\t\t\t<\/div>\n\t\t\t\t<\/div>\n\t\t<div class=\"elementor-element elementor-element-4c514de e-con-full e-flex e-con e-child\" data-id=\"4c514de\" data-element_type=\"container\">\n\t\t\t\t<div class=\"elementor-element elementor-element-cfc179b elementor-widget elementor-widget-heading\" data-id=\"cfc179b\" data-element_type=\"widget\" data-widget_type=\"heading.default\">\n\t\t\t\t<div class=\"elementor-widget-container\">\n\t\t\t\t\t<h2 class=\"elementor-heading-title elementor-size-default\"><b>Working hours<\/b><br><br>\nOrder Pickup:<br>\nMon.-Fri.: 10:00 - 18:00<br>\nSaturday:--<br>\nSunday:--<\/h2>\t\t\t\t<\/div>\n\t\t\t\t<\/div>\n\t\t\t\t<\/div>\n\t\t<div class=\"elementor-element elementor-element-426ec8e e-con-full e-flex e-con e-child\" data-id=\"426ec8e\" data-element_type=\"container\">\n\t\t\t\t<div class=\"elementor-element elementor-element-68c7809 elementor-widget elementor-widget-heading\" data-id=\"68c7809\" data-element_type=\"widget\" data-widget_type=\"heading.default\">\n\t\t\t\t<div class=\"elementor-widget-container\">\n\t\t\t\t\t<h2 class=\"elementor-heading-title elementor-size-default\"><b>Contacts:<\/b><br><br>\nEmail<br>\ninfo@gofra.lv<br><br>\nPhone num. <br>\n+371 67458784<br><br><div>+371 29238372<\/div><\/h2>\t\t\t\t<\/div>\n\t\t\t\t<\/div>\n\t\t\t\t<\/div>\n\t\t\t\t\t<\/div>\n\t\t\t\t<\/div>\n\t\t<div class=\"elementor-element elementor-element-3caf713 e-flex e-con-boxed e-con e-parent\" data-id=\"3caf713\" data-element_type=\"container\">\n\t\t\t\t\t<div class=\"e-con-inner\">\n\t\t<div class=\"elementor-element elementor-element-0b7aefb e-con-full e-flex e-con e-child\" data-id=\"0b7aefb\" data-element_type=\"container\">\n\t\t\t\t<div class=\"elementor-element elementor-element-ad71041 elementor-widget elementor-widget-google_maps\" data-id=\"ad71041\" data-element_type=\"widget\" data-widget_type=\"google_maps.default\">\n\t\t\t\t<div class=\"elementor-widget-container\">\n\t\t\t\t\t\t\t<div class=\"elementor-custom-embed\">\n\t\t\t<iframe loading=\"lazy\"\n\t\t\t\t\tsrc=\"https:\/\/maps.google.com\/maps?q=Jenson%20Iepakojums&#038;t=m&#038;z=14&#038;output=embed&#038;iwloc=near\"\n\t\t\t\t\ttitle=\"Jenson Iepakojums\"\n\t\t\t\t\taria-label=\"Jenson Iepakojums\"\n\t\t\t><\/iframe>\n\t\t<\/div>\n\t\t\t\t\t\t<\/div>\n\t\t\t\t<\/div>\n\t\t\t\t<\/div>\n\t\t<div class=\"elementor-element elementor-element-a65446c e-con-full e-flex e-con e-child\" data-id=\"a65446c\" data-element_type=\"container\">\n\t\t\t\t<div class=\"elementor-element elementor-element-f454f31 elementor-widget elementor-widget-image\" data-id=\"f454f31\" data-element_type=\"widget\" data-widget_type=\"image.default\">\n\t\t\t\t<div class=\"elementor-widget-container\">\n\t\t\t\t\t\t\t\t\t\t\t\t\t\t\t<img fetchpriority=\"high\" decoding=\"async\" width=\"800\" height=\"600\" src=\"https:\/\/www.gofra.lv\/wp-content\/uploads\/2025\/11\/Daugavgrivas-entry-1024x768.webp\" class=\"attachment-large size-large wp-image-5940\" alt=\"\" srcset=\"https:\/\/www.gofra.lv\/wp-content\/uploads\/2025\/11\/Daugavgrivas-entry-1024x768.webp 1024w, https:\/\/www.gofra.lv\/wp-content\/uploads\/2025\/11\/Daugavgrivas-entry-300x225.webp 300w, https:\/\/www.gofra.lv\/wp-content\/uploads\/2025\/11\/Daugavgrivas-entry-768x576.webp 768w, https:\/\/www.gofra.lv\/wp-content\/uploads\/2025\/11\/Daugavgrivas-entry-1536x1152.webp 1536w, https:\/\/www.gofra.lv\/wp-content\/uploads\/2025\/11\/Daugavgrivas-entry-16x12.webp 16w, https:\/\/www.gofra.lv\/wp-content\/uploads\/2025\/11\/Daugavgrivas-entry-600x450.webp 600w, https:\/\/www.gofra.lv\/wp-content\/uploads\/2025\/11\/Daugavgrivas-entry.webp 1920w\" sizes=\"(max-width: 800px) 100vw, 800px\" \/>\t\t\t\t\t\t\t\t\t\t\t\t\t\t\t<\/div>\n\t\t\t\t<\/div>\n\t\t\t\t<\/div>\n\t\t\t\t\t<\/div>\n\t\t\t\t<\/div>\n\t\t<div class=\"elementor-element elementor-element-7d9c698 e-flex e-con-boxed e-con e-parent\" data-id=\"7d9c698\" data-element_type=\"container\">\n\t\t\t\t\t<div class=\"e-con-inner\">\n\t\t<div class=\"elementor-element elementor-element-f1959a0 e-con-full e-flex e-con e-child\" data-id=\"f1959a0\" data-element_type=\"container\">\n\t\t\t\t<div class=\"elementor-element elementor-element-9085d38 elementor-widget elementor-widget-image\" data-id=\"9085d38\" data-element_type=\"widget\" data-widget_type=\"image.default\">\n\t\t\t\t<div class=\"elementor-widget-container\">\n\t\t\t\t\t\t\t\t\t\t\t\t\t\t\t<img decoding=\"async\" width=\"800\" height=\"727\" src=\"https:\/\/www.gofra.lv\/wp-content\/uploads\/2025\/11\/bell-1024x931.webp\" class=\"attachment-large size-large wp-image-5945\" alt=\"\" srcset=\"https:\/\/www.gofra.lv\/wp-content\/uploads\/2025\/11\/bell-1024x931.webp 1024w, https:\/\/www.gofra.lv\/wp-content\/uploads\/2025\/11\/bell-300x273.webp 300w, https:\/\/www.gofra.lv\/wp-content\/uploads\/2025\/11\/bell-768x698.webp 768w, https:\/\/www.gofra.lv\/wp-content\/uploads\/2025\/11\/bell-13x12.webp 13w, https:\/\/www.gofra.lv\/wp-content\/uploads\/2025\/11\/bell-600x545.webp 600w, https:\/\/www.gofra.lv\/wp-content\/uploads\/2025\/11\/bell.webp 1188w\" sizes=\"(max-width: 800px) 100vw, 800px\" \/>\t\t\t\t\t\t\t\t\t\t\t\t\t\t\t<\/div>\n\t\t\t\t<\/div>\n\t\t\t\t<div class=\"elementor-element elementor-element-c1c2b4c elementor-widget elementor-widget-heading\" data-id=\"c1c2b4c\" data-element_type=\"widget\" data-widget_type=\"heading.default\">\n\t\t\t\t<div class=\"elementor-widget-container\">\n\t\t\t\t\t<h2 class=\"elementor-heading-title elementor-size-default\">Regardless of whether you arrive on foot or by car, please press the doorbell button to enter<br> The gate will open in a few seconds \ud83d\ude42<\/h2>\t\t\t\t<\/div>\n\t\t\t\t<\/div>\n\t\t\t\t<\/div>\n\t\t<div class=\"elementor-element elementor-element-9e4577e e-con-full e-flex e-con e-child\" data-id=\"9e4577e\" data-element_type=\"container\">\n\t\t\t\t<div class=\"elementor-element elementor-element-46dbd5e elementor-widget elementor-widget-image\" data-id=\"46dbd5e\" data-element_type=\"widget\" data-widget_type=\"image.default\">\n\t\t\t\t<div class=\"elementor-widget-container\">\n\t\t\t\t\t\t\t\t\t\t\t\t\t\t\t<img decoding=\"async\" width=\"800\" height=\"582\" src=\"https:\/\/www.gofra.lv\/wp-content\/uploads\/2025\/11\/map-1024x745.webp\" class=\"attachment-large size-large wp-image-5947\" alt=\"\" srcset=\"https:\/\/www.gofra.lv\/wp-content\/uploads\/2025\/11\/map-1024x745.webp 1024w, https:\/\/www.gofra.lv\/wp-content\/uploads\/2025\/11\/map-300x218.webp 300w, https:\/\/www.gofra.lv\/wp-content\/uploads\/2025\/11\/map-768x559.webp 768w, https:\/\/www.gofra.lv\/wp-content\/uploads\/2025\/11\/map-18x12.webp 18w, https:\/\/www.gofra.lv\/wp-content\/uploads\/2025\/11\/map-600x436.webp 600w, https:\/\/www.gofra.lv\/wp-content\/uploads\/2025\/11\/map.webp 1155w\" sizes=\"(max-width: 800px) 100vw, 800px\" \/>\t\t\t\t\t\t\t\t\t\t\t\t\t\t\t<\/div>\n\t\t\t\t<\/div>\n\t\t\t\t<\/div>\n\t\t<div class=\"elementor-element elementor-element-a985ef6 e-con-full e-flex e-con e-child\" data-id=\"a985ef6\" data-element_type=\"container\">\n\t\t\t\t<div class=\"elementor-element elementor-element-941ff3c elementor-widget elementor-widget-image\" data-id=\"941ff3c\" data-element_type=\"widget\" data-widget_type=\"image.default\">\n\t\t\t\t<div class=\"elementor-widget-container\">\n\t\t\t\t\t\t\t\t\t\t\t\t\t\t\t<img loading=\"lazy\" decoding=\"async\" width=\"800\" height=\"665\" src=\"https:\/\/www.gofra.lv\/wp-content\/uploads\/2025\/11\/entry.webp\" class=\"attachment-large size-large wp-image-5946\" alt=\"\" srcset=\"https:\/\/www.gofra.lv\/wp-content\/uploads\/2025\/11\/entry.webp 1004w, https:\/\/www.gofra.lv\/wp-content\/uploads\/2025\/11\/entry-300x249.webp 300w, https:\/\/www.gofra.lv\/wp-content\/uploads\/2025\/11\/entry-768x638.webp 768w, https:\/\/www.gofra.lv\/wp-content\/uploads\/2025\/11\/entry-14x12.webp 14w, https:\/\/www.gofra.lv\/wp-content\/uploads\/2025\/11\/entry-600x498.webp 600w\" sizes=\"(max-width: 800px) 100vw, 800px\" \/>\t\t\t\t\t\t\t\t\t\t\t\t\t\t\t<\/div>\n\t\t\t\t<\/div>\n\t\t\t\t<div class=\"elementor-element elementor-element-632af4b elementor-widget elementor-widget-heading\" data-id=\"632af4b\" data-element_type=\"widget\" data-widget_type=\"heading.default\">\n\t\t\t\t<div class=\"elementor-widget-container\">\n\t\t\t\t\t<h2 class=\"elementor-heading-title elementor-size-default\">Our office is located on the 2nd floor.<\/h2>\t\t\t\t<\/div>\n\t\t\t\t<\/div>\n\t\t\t\t<\/div>\n\t\t\t\t\t<\/div>\n\t\t\t\t<\/div>\n\t\t\t\t<\/div>","protected":false},"excerpt":{"rendered":"<p>M\u016bsu rekviz\u012bti: Nosaukums: SIA &#8220;Jenson Iepakojums&#8221; Re\u0123.Nr.: LV 40003292579 Jur. Adrese: Daugavgr\u012bvas iela 78, R\u012bga, LV-1007 Fakt. Adrese: Daugavgr\u012bvas iela 78, R\u012bga, LV-1007 Banka: AS SEB Banka Kods: UNLALV2X Kotns: LV93UNLA0001010469762 Darba laiks: Birojs: Pirmdiena-piektdiena: 08:00 &#8211; 16:30 Sestdiena: &#8212; Sv\u0113tdiena: &#8212; Darba laiks: Pas\u016bt\u012bjumu izsnieg\u0161ana: Pirmdiena-piektdiena: 10:00 &#8211; 18:00 Sestdiena: &#8212; Sv\u0113tdiena: &#8212; Kontakti [&hellip;]<\/p>","protected":false},"author":1,"featured_media":0,"parent":0,"menu_order":0,"comment_status":"closed","ping_status":"closed","template":"","meta":{"footnotes":""},"class_list":["post-1023","page","type-page","status-publish","hentry"],"_links":{"self":[{"href":"https:\/\/www.gofra.lv\/en\/wp-json\/wp\/v2\/pages\/1023","targetHints":{"allow":["GET"]}}],"collection":[{"href":"https:\/\/www.gofra.lv\/en\/wp-json\/wp\/v2\/pages"}],"about":[{"href":"https:\/\/www.gofra.lv\/en\/wp-json\/wp\/v2\/types\/page"}],"author":[{"embeddable":true,"href":"https:\/\/www.gofra.lv\/en\/wp-json\/wp\/v2\/users\/1"}],"replies":[{"embeddable":true,"href":"https:\/\/www.gofra.lv\/en\/wp-json\/wp\/v2\/comments?post=1023"}],"version-history":[{"count":36,"href":"https:\/\/www.gofra.lv\/en\/wp-json\/wp\/v2\/pages\/1023\/revisions"}],"predecessor-version":[{"id":6112,"href":"https:\/\/www.gofra.lv\/en\/wp-json\/wp\/v2\/pages\/1023\/revisions\/6112"}],"wp:attachment":[{"href":"https:\/\/www.gofra.lv\/en\/wp-json\/wp\/v2\/media?parent=1023"}],"curies":[{"name":"wp","href":"https:\/\/api.w.org\/{rel}","templated":true}]}}