{"id":2116,"date":"2025-03-17T19:16:04","date_gmt":"2025-03-17T16:16:04","guid":{"rendered":"http:\/\/test.gofra.lv\/grozs\/"},"modified":"2025-09-03T12:11:21","modified_gmt":"2025-09-03T09:11:21","slug":"grozs","status":"publish","type":"page","link":"https:\/\/www.gofra.lv\/en\/grozs\/","title":{"rendered":"Cart"},"content":{"rendered":"<div data-elementor-type=\"wp-page\" data-elementor-id=\"2116\" class=\"elementor elementor-2116\" data-elementor-post-type=\"page\">\n\t\t\t\t<div class=\"elementor-element elementor-element-14b498ea e-flex e-con-boxed e-con e-parent\" data-id=\"14b498ea\" data-element_type=\"container\">\n\t\t\t\t\t<div class=\"e-con-inner\">\n\t\t\t\t<div class=\"elementor-element elementor-element-54ab0cf elementor-widget elementor-widget-shortcode\" data-id=\"54ab0cf\" data-element_type=\"widget\" data-widget_type=\"shortcode.default\">\n\t\t\t\t<div class=\"elementor-widget-container\">\n\t\t\t\t\t\t\t<div class=\"elementor-shortcode\">\n<div class=\"custom-cart-container empty-cart\">\n    <div class=\"custom-cart-header\">\n        <h2>J\u016bsu grozs<\/h2>\n    <\/div>\n    \n    <div class=\"custom-cart-empty\">\n        <div class=\"empty-cart-icon\">\n            <svg xmlns=\"http:\/\/www.w3.org\/2000\/svg\" viewbox=\"0 0 24 24\" width=\"84\" height=\"84\">\n                <path fill=\"none\" d=\"M0 0h24v24H0z\"\/>\n                <path d=\"M17 6h5v2h-2v13a1 1 0 0 1-1 1H5a1 1 0 0 1-1-1V8H2V6h5V3a1 1 0 0 1 1-1h8a1 1 0 0 1 1 1v3zm1 2H6v12h12V8zm-9 3h2v6H9v-6zm4 0h2v6h-2v-6zM9 4v2h6V4H9z\" fill=\"#ccc\"\/>\n            <\/svg>\n        <\/div>\n        <h3>Your cart is empty<\/h3>\n        <p>Liekas, j\u016bs v\u0113l neko neesat ielicis groz\u0101.<\/p>\n        <a href=\"https:\/\/www.gofra.lv\/en\/veikals\/\" class=\"continue-shopping-btn\">\n            Turpin\u0101t iepirkties        <\/a>\n    <\/div>\n<\/div> <\/div>\n\t\t\t\t\t\t<\/div>\n\t\t\t\t<\/div>\n\t\t\t\t\t<\/div>\n\t\t\t\t<\/div>\n\t\t\t\t<\/div>","protected":false},"excerpt":{"rendered":"","protected":false},"author":1,"featured_media":0,"parent":0,"menu_order":0,"comment_status":"closed","ping_status":"closed","template":"","meta":{"footnotes":""},"class_list":["post-2116","page","type-page","status-publish","hentry"],"_links":{"self":[{"href":"https:\/\/www.gofra.lv\/en\/wp-json\/wp\/v2\/pages\/2116","targetHints":{"allow":["GET"]}}],"collection":[{"href":"https:\/\/www.gofra.lv\/en\/wp-json\/wp\/v2\/pages"}],"about":[{"href":"https:\/\/www.gofra.lv\/en\/wp-json\/wp\/v2\/types\/page"}],"author":[{"embeddable":true,"href":"https:\/\/www.gofra.lv\/en\/wp-json\/wp\/v2\/users\/1"}],"replies":[{"embeddable":true,"href":"https:\/\/www.gofra.lv\/en\/wp-json\/wp\/v2\/comments?post=2116"}],"version-history":[{"count":12,"href":"https:\/\/www.gofra.lv\/en\/wp-json\/wp\/v2\/pages\/2116\/revisions"}],"predecessor-version":[{"id":5525,"href":"https:\/\/www.gofra.lv\/en\/wp-json\/wp\/v2\/pages\/2116\/revisions\/5525"}],"wp:attachment":[{"href":"https:\/\/www.gofra.lv\/en\/wp-json\/wp\/v2\/media?parent=2116"}],"curies":[{"name":"wp","href":"https:\/\/api.w.org\/{rel}","templated":true}]}}