{"id":2771,"date":"2025-03-25T17:22:22","date_gmt":"2025-03-25T14:22:22","guid":{"rendered":"https:\/\/www.gofra.lv\/?page_id=2771"},"modified":"2025-04-25T23:48:30","modified_gmt":"2025-04-25T20:48:30","slug":"pasutit-individualu-izmeru","status":"publish","type":"page","link":"https:\/\/www.gofra.lv\/en\/pasutit-individualu-izmeru\/","title":{"rendered":"Request custom size"},"content":{"rendered":"<div data-elementor-type=\"wp-page\" data-elementor-id=\"2771\" class=\"elementor elementor-2771\" data-elementor-post-type=\"page\">\n\t\t\t\t<div class=\"elementor-element elementor-element-5a0a228 e-flex e-con-boxed e-con e-parent\" data-id=\"5a0a228\" data-element_type=\"container\">\n\t\t\t\t\t<div class=\"e-con-inner\">\n\t\t\t\t<div class=\"elementor-element elementor-element-a952fc1 elementor-widget elementor-widget-shortcode\" data-id=\"a952fc1\" data-element_type=\"widget\" data-widget_type=\"shortcode.default\">\n\t\t\t\t<div class=\"elementor-widget-container\">\n\t\t\t\t\t\t\t<div class=\"elementor-shortcode\">\t\t\t\n\t\t\t<div class=\"order-form-container\">\n\t\t\t\t<form id=\"custom-order-form\" action=\"\">\n\t\t\t\t\t\n\t\t\t\t\t<input type=\"hidden\" id=\"product_type\" name=\"product_type\" value=\"\">\n\t\t\t\t\t<input type=\"hidden\" id=\"fefco_code\" name=\"fefco_code\" value=\"\">\n\t\t\t\t\t<input type=\"hidden\" id=\"dimension_type\" name=\"dimension_type\" value=\"Iek\u0161\u0113jais izm\u0113rs\">\n\t\t\t\t\t<input type=\"hidden\" id=\"dimension_length\" name=\"dimension_length\" value=\"\">\n\t\t\t\t\t<input type=\"hidden\" id=\"dimension_width\" name=\"dimension_width\" value=\"\">\n\t\t\t\t\t<input type=\"hidden\" id=\"dimension_height\" name=\"dimension_height\" value=\"\">\n\t\t\t\t\t<input type=\"hidden\" id=\"quantity\" name=\"quantity\" value=\"\">\n\t\t\t\t\t<input type=\"hidden\" id=\"material_type\" name=\"material_type\" value=\"\">\n\t\t\t\t\t<input type=\"hidden\" id=\"color_type\" name=\"color_type\" value=\"\">\n\t\t\t\t\t<input type=\"hidden\" id=\"has_print\" name=\"has_print\" value=\"N\u0113\">\n\t\t\t\t\t<input type=\"hidden\" id=\"print_file\" name=\"print_file\" value=\"\">\n\t\t\t\t\t<input type=\"hidden\" id=\"comments\" name=\"comments\" value=\"\">\n\n\t\t\t\t\t\n\t\t\t\t\t<div class=\"steps-navigation\">\n\t\t\t\t\t\t\n\t\t\t\t\t\t<button type=\"button\" id=\"back-button\" class=\"back-button\" style=\"display: none;\">\n\t\t\t\t\t\t\t<span class=\"back-arrow\">\u2039<\/span>\n\t\t\t\t\t\t<\/button>\n\t\t\t\t\t\t<div class=\"steps-container\">\n\t\t\t\t\t\t\t<div class=\"step-nav-item active\" data-step=\"1\">\n\t\t\t\t\t\t\t\t<div class=\"step-number\">1<\/div>\n\t\t\t\t\t\t\t\t<div class=\"step-label\">Product<\/div>\n\t\t\t\t\t\t\t<\/div>\n\t\t\t\t\t\t\t<div class=\"step-nav-item\" data-step=\"2\">\n\t\t\t\t\t\t\t\t<div class=\"step-number\">2<\/div>\n\t\t\t\t\t\t\t\t<div class=\"step-label\">Construction<\/div>\n\t\t\t\t\t\t\t<\/div>\n\t\t\t\t\t\t\t<div class=\"step-nav-item\" data-step=\"3\">\n\t\t\t\t\t\t\t\t<div class=\"step-number\">3<\/div>\n\t\t\t\t\t\t\t\t<div class=\"step-label\">Sizes<\/div>\n\t\t\t\t\t\t\t<\/div>\n\t\t\t\t\t\t\t<div class=\"step-nav-item\" data-step=\"4\">\n\t\t\t\t\t\t\t\t<div class=\"step-number\">4<\/div>\n\t\t\t\t\t\t\t\t<div class=\"step-label\">Material<\/div>\n\t\t\t\t\t\t\t<\/div>\n\t\t\t\t\t\t\t<div class=\"step-nav-item\" data-step=\"5\">\n\t\t\t\t\t\t\t\t<div class=\"step-number\">5<\/div>\n\t\t\t\t\t\t\t\t<div class=\"step-label\">Print<\/div>\n\t\t\t\t\t\t\t<\/div>\n\t\t\t\t\t\t<\/div>\n\t\t\t\t\t<\/div>\n\n\t\t\t\t\t\n\t\t\t\t\t<div id=\"step-1\" class=\"form-step active-step\">\n\t\t\t\t\t\t<h2 class=\"step-title\">What would you like to order?<\/h2>\n\t\t\t\t\t\t<div class=\"product-type-container\">\n\t\t\t\t\t\t\t<div class=\"product-type-item\" data-type=\"kastes\">\n\t\t\t\t\t\t\t\t<div class=\"product-image-container\">\n\t\t\t\t\t\t\t\t\t<img decoding=\"async\" src=\"\/wp-content\/uploads\/2025\/FEFCO\/Kastes un citi.webp\" alt=\"Boxes and etc.\" class=\"product-type-image\">\n\t\t\t\t\t\t\t\t<\/div>\n\t\t\t\t\t\t\t\t<div class=\"product-type-title\">Boxes and etc.<\/div>\n\t\t\t\t\t\t\t<\/div>\n\t\t\t\t\t\t\t<div class=\"product-type-item\" data-type=\"loksnes\">\n\t\t\t\t\t\t\t\t<div class=\"product-image-container\">\n\t\t\t\t\t\t\t\t\t<img decoding=\"async\" src=\"\/wp-content\/uploads\/2025\/FEFCO\/Loksnes.webp\" alt=\"Sheets\" class=\"product-type-image\">\n\t\t\t\t\t\t\t\t<\/div>\n\t\t\t\t\t\t\t\t<div class=\"product-type-title\">Sheets<\/div>\n\t\t\t\t\t\t\t<\/div>\n\t\t\t\t\t\t<\/div>\n\t\t\t\t\t<\/div>\n\n\t\t\t\t\t\n\t\t\t\t\t<div id=\"step-2\" class=\"form-step\">\n\t\t\t\t\t\t<h2 class=\"step-title\">Please choose construction<\/h2>\n\t\t\t\t\t\t<div id=\"fefco-grid-container\" class=\"fefco-grid-wrapper\">\n\t\t\t\t\t\t\t\n\t\t\t\t\t\t<\/div>\n\t\t\t\t\t<\/div>\n\n\t\t\t\t\t\n\t\t\t\t\t<div id=\"step-3\" class=\"form-step\">\n\t\t\t\t\t\t<h2 class=\"step-title\">Please enter sizes<\/h2>\n\t\t\t\t\t\t<div class=\"dimensions-container\">\n\t\t\t\t\t\t\t\n\t\t\t\t\t\t\t<div class=\"dimensions-form-column\">\n\t\t\t\t\t\t\t\t\n\t\t\t\t\t\t\t\t<div id=\"citi-fefco-fields\" style=\"display: none;\">\n\t\t\t\t\t\t\t\t\t<div class=\"form-group\">\n\t\t\t\t\t\t\t\t\t\t<label for=\"custom-fefco-code\">FEFCO numurs<\/label>\n\t\t\t\t\t\t\t\t\t\t<input type=\"text\" id=\"custom-fefco-code\" placeholder=\"Ievadiet FEFCO numuru\">\n\t\t\t\t\t\t\t\t\t<\/div>\n\t\t\t\t\t\t\t\t\t<div class=\"form-group\">\n\t\t\t\t\t\t\t\t\t\t<label for=\"fefco-files\">FEFCO faili<\/label>\n\t\t\t\t\t\t\t\t\t\t<input type=\"file\" id=\"fefco-files\" multiple accept=\".pdf,.jpg,.jpeg,.png,.dwg,.dxf\">\n\t\t\t\t\t\t\t\t\t\t<div class=\"file-upload-info\"><\/div>\n\t\t\t\t\t\t\t\t\t<\/div>\n\t\t\t\t\t\t\t\t<\/div>\n\t\t\t\t\t\t\t\t\n\t\t\t\t\t\t\t\t\n\t\t\t\t\t\t\t\t<div class=\"dimensions-toggle-container\">\n\t\t\t\t\t\t\t\t\t<span class=\"toggle-text toggle-before\">Inner size<\/span>\n\t\t\t\t\t\t\t\t\t<label class=\"toggle-switch\">\n\t\t\t\t\t\t\t\t\t\t<input type=\"checkbox\" id=\"dimensions-toggle\">\n\t\t\t\t\t\t\t\t\t\t<span class=\"slider\"><\/span>\n\t\t\t\t\t\t\t\t\t<\/label>\n\t\t\t\t\t\t\t\t\t<span class=\"toggle-text toggle-after\">Outter size<\/span>\n\t\t\t\t\t\t\t\t<\/div>\n\t\t\t\t\t\t\t\t\n\t\t\t\t\t\t\t\t\n\t\t\t\t\t\t\t\t<div id=\"box-dimensions\">\n\t\t\t\t\t\t\t\t\t<div class=\"form-group\">\n\t\t\t\t\t\t\t\t\t\t<label for=\"dimension-length\">Lenght (mm) L<\/label>\n\t\t\t\t\t\t\t\t\t\t<input type=\"text\" id=\"dimension-length\" placeholder=\"Enter lenght\">\n\t\t\t\t\t\t\t\t\t<\/div>\n\t\t\t\t\t\t\t\t\t<div class=\"form-group\">\n\t\t\t\t\t\t\t\t\t\t<label for=\"dimension-width\">Width (mm) W<\/label>\n\t\t\t\t\t\t\t\t\t\t<input type=\"text\" id=\"dimension-width\" placeholder=\"Enter width\">\n\t\t\t\t\t\t\t\t\t<\/div>\n\t\t\t\t\t\t\t\t\t<div class=\"form-group\">\n\t\t\t\t\t\t\t\t\t\t<label for=\"dimension-height\">Height (mm) H<\/label>\n\t\t\t\t\t\t\t\t\t\t<input type=\"text\" id=\"dimension-height\" placeholder=\"Enter height\">\n\t\t\t\t\t\t\t\t\t<\/div>\n\t\t\t\t\t\t\t\t<\/div>\n\t\t\t\t\t\t\t\t\n\t\t\t\t\t\t\t\t\n\t\t\t\t\t\t\t\t<div id=\"grid-dimensions\" style=\"display: none;\">\n\t\t\t\t\t\t\t\t\t<div class=\"grid-controls\">\n\t\t\t\t\t\t\t\t\t\t<div class=\"form-group\">\n\t\t\t\t\t\t\t\t\t\t\t<label for=\"grid-cells-x\">Number of cells by the 1 side<\/label>\n\t\t\t\t\t\t\t\t\t\t\t<div class=\"quantity-control\">\n\t\t\t\t\t\t\t\t\t\t\t\t<button type=\"button\" id=\"grid-cells-x-minus\" class=\"quantity-btn\">-<\/button>\n\t\t\t\t\t\t\t\t\t\t\t\t<input type=\"text\" id=\"grid-cells-x\" value=\"2\" readonly>\n\t\t\t\t\t\t\t\t\t\t\t\t<button type=\"button\" id=\"grid-cells-x-plus\" class=\"quantity-btn\">+<\/button>\n\t\t\t\t\t\t\t\t\t\t\t<\/div>\n\t\t\t\t\t\t\t\t\t\t<\/div>\n\t\t\t\t\t\t\t\t\t\t<div class=\"form-group\">\n\t\t\t\t\t\t\t\t\t\t\t<label for=\"grid-cells-y\">Number of cells by the 2 side<\/label>\n\t\t\t\t\t\t\t\t\t\t\t<div class=\"quantity-control\">\n\t\t\t\t\t\t\t\t\t\t\t\t<button type=\"button\" id=\"grid-cells-y-minus\" class=\"quantity-btn\">-<\/button>\n\t\t\t\t\t\t\t\t\t\t\t\t<input type=\"text\" id=\"grid-cells-y\" value=\"2\" readonly>\n\t\t\t\t\t\t\t\t\t\t\t\t<button type=\"button\" id=\"grid-cells-y-plus\" class=\"quantity-btn\">+<\/button>\n\t\t\t\t\t\t\t\t\t\t\t<\/div>\n\t\t\t\t\t\t\t\t\t\t<\/div>\n\t\t\t\t\t\t\t\t\t<\/div>\n\t\t\t\t\t\t\t\t\t<div class=\"grid-cell-dimensions\">\n\t\t\t\t\t\t\t\t\t\t<div class=\"form-group\">\n\t\t\t\t\t\t\t\t\t\t\t<label for=\"grid-cell-length\">Cell lenght (mm)<\/label>\n\t\t\t\t\t\t\t\t\t\t\t<input type=\"text\" id=\"grid-cell-length\" placeholder=\"Enter the cell length\">\n\t\t\t\t\t\t\t\t\t\t<\/div>\n\t\t\t\t\t\t\t\t\t\t<div class=\"form-group\">\n\t\t\t\t\t\t\t\t\t\t\t<label for=\"grid-cell-width\">Cell width (mm)<\/label>\n\t\t\t\t\t\t\t\t\t\t\t<input type=\"text\" id=\"grid-cell-width\" placeholder=\"Enter the cell width\">\n\t\t\t\t\t\t\t\t\t\t<\/div>\n\t\t\t\t\t\t\t\t\t\t<div class=\"form-group\">\n\t\t\t\t\t\t\t\t\t\t\t<label for=\"grid-height\">Grid height<\/label>\n\t\t\t\t\t\t\t\t\t\t\t<input type=\"text\" id=\"grid-height\" placeholder=\"Enter grids height\">\n\t\t\t\t\t\t\t\t\t\t<\/div>\n\t\t\t\t\t\t\t\t\t<\/div>\n\t\t\t\t\t\t\t\t\t<div class=\"grid-info\">\n\t\t\t\t\t\t\t\t\t\t<div class=\"info-box\">\n\t\t\t\t\t\t\t\t\t\t\t<div class=\"info-text\">\n\t\t\t\t\t\t\t\t\t\t\t\t<p>The grid consists of two parts \u2013 the walls of the 1st half and the 2nd half, which are connected perpendicularly, forming a cell structure.<\/p>\n\t\t\t\t\t\t\t\t\t\t\t\t<p>1. side wall count: <span id=\"grid-horizontal-count\">1<\/span> pcs.<\/p>\n\t\t\t\t\t\t\t\t\t\t\t\t<p>2. side wall count: <span id=\"grid-vertical-count\">1<\/span> pcs.<\/p>\n\t\t\t\t\t\t\t\t\t\t\t<\/div>\n\t\t\t\t\t\t\t\t\t\t<\/div>\n\t\t\t\t\t\t\t\t\t<\/div>\n\t\t\t\t\t\t\t\t<\/div>\n\t\t\t\t\t\t\t\t\n\t\t\t\t\t\t\t\t\n\t\t\t\t\t\t\t\t<div id=\"sheet-dimensions\" style=\"display: none;\">\n\t\t\t\t\t\t\t\t\t<div class=\"form-group\">\n\t\t\t\t\t\t\t\t\t\t<label for=\"sheet-length\">Lenght (mm) L<\/label>\n\t\t\t\t\t\t\t\t\t\t<input type=\"text\" id=\"sheet-length\" placeholder=\"Enter lenght\">\n\t\t\t\t\t\t\t\t\t<\/div>\n\t\t\t\t\t\t\t\t\t<div class=\"form-group\">\n\t\t\t\t\t\t\t\t\t\t<label for=\"sheet-width\">Width (mm) W<\/label>\n\t\t\t\t\t\t\t\t\t\t<input type=\"text\" id=\"sheet-width\" placeholder=\"Enter width\">\n\t\t\t\t\t\t\t\t\t<\/div>\n\t\t\t\t\t\t\t\t<\/div>\n\t\t\t\t\t\t\t\t\n\t\t\t\t\t\t\t\t\n\t\t\t\t\t\t\t\t<div class=\"form-group\">\n\t\t\t\t\t\t\t\t\t<label for=\"quantity-input\">Quantity (pcs.)<\/label>\n\t\t\t\t\t\t\t\t\t<input type=\"text\" id=\"quantity-input\" placeholder=\"Enter required quantity\">\n\t\t\t\t\t\t\t\t<\/div>\n\t\t\t\t\t\t\t\t\n\t\t\t\t\t\t\t\t\n\t\t\t\t\t\t\t\t<div class=\"form-actions\">\n\t\t\t\t\t\t\t\t\t<button type=\"button\" id=\"submit-dimensions\" class=\"submit-btn\">Continue<\/button>\n\t\t\t\t\t\t\t\t<\/div>\n\t\t\t\t\t\t\t<\/div>\n\t\t\t\t\t\t\t\n\t\t\t\t\t\t\t\n\t\t\t\t\t\t\t<div class=\"dimensions-image-column\">\n\t\t\t\t\t\t\t\t<div class=\"fefco-schema-container\">\n\t\t\t\t\t\t\t\t\t<img decoding=\"async\" id=\"fefco-schema-image\" src=\"\" alt=\"FEFCO sh\u0113ma\" class=\"fefco-schema-image\">\n\t\t\t\t\t\t\t\t<\/div>\n\t\t\t\t\t\t\t<\/div>\n\t\t\t\t\t\t<\/div>\n\t\t\t\t\t<\/div>\n\n\t\t\t\t\t\n\t\t\t\t\t<div id=\"step-4\" class=\"form-step\">\n\t\t\t\t\t\t<h2 class=\"step-title\">Please choose material and it's color<\/h2>\n\t\t\t\t\t\t<div class=\"material-color-container\">\n\t\t\t\t\t\t\t\n\t\t\t\t\t\t\t<div class=\"material-section\">\n\t\t\t\t\t\t\t\t<h3 class=\"column-subtitle\">Material<\/h3>\n\t\t\t\t\t\t\t\t<div class=\"material-grid\">\n\t\t\t\t\t\t\t\t\t<div class=\"material-option\" data-material=\"E profils\">\n\t\t\t\t\t\t\t\t\t\t<div class=\"material-image-container\">\n\t\t\t\t\t\t\t\t\t\t\t<img decoding=\"async\" src=\"\/wp-content\/uploads\/2025\/FEFCO\/E-profils.webp\" alt=\"E profils\" class=\"material-image\">\n\t\t\t\t\t\t\t\t\t\t<\/div>\n\t\t\t\t\t\t\t\t\t\t<div class=\"material-title\">E profils<\/div>\n\t\t\t\t\t\t\t\t\t<\/div>\n\t\t\t\t\t\t\t\t\t<div class=\"material-option\" data-material=\"B profils\">\n\t\t\t\t\t\t\t\t\t\t<div class=\"material-image-container\">\n\t\t\t\t\t\t\t\t\t\t\t<img decoding=\"async\" src=\"\/wp-content\/uploads\/2025\/FEFCO\/B-profils.webp\" alt=\"B flute\" class=\"material-image\">\n\t\t\t\t\t\t\t\t\t\t<\/div>\n\t\t\t\t\t\t\t\t\t\t<div class=\"material-title\">B flute<\/div>\n\t\t\t\t\t\t\t\t\t<\/div>\n\t\t\t\t\t\t\t\t\t<div class=\"material-option\" data-material=\"C profils\">\n\t\t\t\t\t\t\t\t\t\t<div class=\"material-image-container\">\n\t\t\t\t\t\t\t\t\t\t\t<img decoding=\"async\" src=\"\/wp-content\/uploads\/2025\/FEFCO\/C-profils.webp\" alt=\"C flute\" class=\"material-image\">\n\t\t\t\t\t\t\t\t\t\t<\/div>\n\t\t\t\t\t\t\t\t\t\t<div class=\"material-title\">C flute<\/div>\n\t\t\t\t\t\t\t\t\t<\/div>\n\t\t\t\t\t\t\t\t\t<div class=\"material-option\" data-material=\"BE profils\">\n\t\t\t\t\t\t\t\t\t\t<div class=\"material-image-container\">\n\t\t\t\t\t\t\t\t\t\t\t<img decoding=\"async\" src=\"\/wp-content\/uploads\/2025\/FEFCO\/BE-profils.webp\" alt=\"BE flute\" class=\"material-image\">\n\t\t\t\t\t\t\t\t\t\t<\/div>\n\t\t\t\t\t\t\t\t\t\t<div class=\"material-title\">BE flute<\/div>\n\t\t\t\t\t\t\t\t\t<\/div>\n\t\t\t\t\t\t\t\t\t<div class=\"material-option\" data-material=\"BC profils\">\n\t\t\t\t\t\t\t\t\t\t<div class=\"material-image-container\">\n\t\t\t\t\t\t\t\t\t\t\t<img decoding=\"async\" src=\"\/wp-content\/uploads\/2025\/FEFCO\/BC-profils.webp\" alt=\"BC flute\" class=\"material-image\">\n\t\t\t\t\t\t\t\t\t\t<\/div>\n\t\t\t\t\t\t\t\t\t\t<div class=\"material-title\">BC flute<\/div>\n\t\t\t\t\t\t\t\t\t<\/div>\n\t\t\t\t\t\t\t\t<\/div>\n\t\t\t\t\t\t\t<\/div>\n\t\t\t\t\t\t\t\n\t\t\t\t\t\t\t\n\t\t\t\t\t\t\t<div class=\"color-section\">\n\t\t\t\t\t\t\t\t<h3 class=\"column-subtitle\">Cardboard color (outs.\/ins.)<\/h3>\n\t\t\t\t\t\t\t\t<div class=\"color-options\">\n\t\t\t\t\t\t\t\t\t<div class=\"color-option\" data-color=\"br\u016bns\/br\u016bns\">\n\t\t\t\t\t\t\t\t\t\t<div class=\"color-title\">brown\/brown<\/div>\n\t\t\t\t\t\t\t\t\t\t<div class=\"min-order-info\" style=\"display: none;\"><\/div>\n\t\t\t\t\t\t\t\t\t<\/div>\n\t\t\t\t\t\t\t\t\t<div class=\"color-option\" data-color=\"balts\/br\u016bns\">\n\t\t\t\t\t\t\t\t\t\t<div class=\"color-title\">white\/brown<\/div>\n\t\t\t\t\t\t\t\t\t\t<div class=\"min-order-info\" style=\"display: none;\"><\/div>\n\t\t\t\t\t\t\t\t\t<\/div>\n\t\t\t\t\t\t\t\t\t<div class=\"color-option\" data-color=\"balts\/balts\">\n\t\t\t\t\t\t\t\t\t\t<div class=\"color-title\">white\/white<\/div>\n\t\t\t\t\t\t\t\t\t\t<div class=\"min-order-info\" style=\"display: none;\"><\/div>\n\t\t\t\t\t\t\t\t\t<\/div>\n\t\t\t\t\t\t\t\t<\/div>\n\t\t\t\t\t\t\t<\/div>\n\t\t\t\t\t\t\t\n\t\t\t\t\t\t\t\n\t\t\t\t\t\t\t<div class=\"preview-section\">\n\t\t\t\t\t\t\t\t<h3 class=\"column-subtitle\">Scheme<\/h3>\n\t\t\t\t\t\t\t\t<div class=\"box-preview-container\">\n\t\t\t\t\t\t\t\t\t<img decoding=\"async\" id=\"box-preview-image\" src=\"\" alt=\"Box Preview\" class=\"box-preview-image\">\n\t\t\t\t\t\t\t\t<\/div>\n\t\t\t\t\t\t\t<\/div>\n\t\t\t\t\t\t<\/div>\n\t\t\t\t\t\t\n\t\t\t\t\t\t\n\t\t\t\t\t\t<div class=\"form-actions\">\n\t\t\t\t\t\t\t<button type=\"button\" id=\"submit-material-color\" class=\"submit-btn\">Continue<\/button>\n\t\t\t\t\t\t<\/div>\n\t\t\t\t\t<\/div>\n\n\t\t\t\t\t\n\t\t\t\t\t<div id=\"step-5\" class=\"form-step\">\n\t\t\t\t\t\t<h2 class=\"step-title\">\n\t\t\t\t\t\t\tPrint\n\t\t\t\t\t\t\t<span class=\"info-tooltip\" id=\"print-info-tooltip\">\n\t\t\t\t\t\t\t\t<i class=\"info-icon\">i<\/i>\n\t\t\t\t\t\t\t\t<span class=\"tooltip-text\">We can offer flexographic printing with a maximum of 3 colors. Each color requires a separate flexographic plate, and its cost depends on the specifics of the print.<\/span>\n\t\t\t\t\t\t\t<\/span>\n\t\t\t\t\t\t<\/h2>\n\t\t\t\t\t\t\n\t\t\t\t\t\t<div class=\"print-container\">\n\t\t\t\t\t\t\t<div class=\"print-options-column\">\n\t\t\t\t\t\t\t\t<div class=\"print-toggle-container\">\n\t\t\t\t\t\t\t\t\t<div class=\"print-toggle-options\">\n\t\t\t\t\t\t\t\t\t\t<span class=\"print-option\">No print<\/span>\n\t\t\t\t\t\t\t\t\t\t<label class=\"print-toggle-switch\">\n\t\t\t\t\t\t\t\t\t\t\t<input type=\"checkbox\" id=\"print-toggle\">\n\t\t\t\t\t\t\t\t\t\t\t<span class=\"print-slider\"><\/span>\n\t\t\t\t\t\t\t\t\t\t<\/label>\n\t\t\t\t\t\t\t\t\t\t<span class=\"print-option\">With print<\/span>\n\t\t\t\t\t\t\t\t\t<\/div>\n\t\t\t\t\t\t\t\t\t<div id=\"min-print-order\" class=\"min-print-info always-visible\">Min.Pas\u016bt\u012bjums: <span id=\"min-print-quantity\">0<\/span> pcs.<\/div>\n\t\t\t\t\t\t\t\t<\/div>\n\t\t\t\t\t\t\t\t\n\t\t\t\t\t\t\t\t<div id=\"print-upload-container\" style=\"display: none;\">\n\t\t\t\t\t\t\t\t\t<div class=\"upload-section\">\n\t\t\t\t\t\t\t\t\t\t<h3 class=\"column-subtitle\" data-trp-translate-id=\"upload-section-title\">Please upload your design \/ print file (drawing, logo, etc.).<\/h3>\n\t\t\t\t\t\t\t\t\t\t<div class=\"upload-area\">\n\t\t\t\t\t\t\t\t\t\t\t<button type=\"button\" id=\"upload-file-btn\" class=\"upload-btn\" data-trp-translate-id=\"upload-file-btn\">Add file<\/button>\n\t\t\t\t\t\t\t\t\t\t\t<input type=\"file\" id=\"print-file-upload\" style=\"display: none;\">\n\t\t\t\t\t\t\t\t\t\t\t<div id=\"upload-file-name\" class=\"upload-file-name\"><\/div>\n\t\t\t\t\t\t\t\t\t\t<\/div>\n\t\t\t\t\t\t\t\t\t<\/div>\n\t\t\t\t\t\t\t\t<\/div>\n\t\t\t\t\t\t\t\t\n\t\t\t\t\t\t\t\t<div class=\"comments-section\">\n\t\t\t\t\t\t\t\t\t<h3 class=\"column-subtitle\">Notes<\/h3>\n\t\t\t\t\t\t\t\t\t<div class=\"form-group\">\n\t\t\t\t\t\t\t\t\t\t<textarea id=\"order-comments\" placeholder=\"Your comments\"><\/textarea>\n\t\t\t\t\t\t\t\t\t<\/div>\n\t\t\t\t\t\t\t\t<\/div>\n\t\t\t\t\t\t\t<\/div>\n\t\t\t\t\t\t\t<div class=\"print-preview-column\">\n\t\t\t\t\t\t\t\t<div class=\"fefco-preview-container\">\n\t\t\t\t\t\t\t\t\t<img decoding=\"async\" id=\"print-fefco-image\" src=\"\" alt=\"FEFCO Preview\" class=\"fefco-preview-image\">\n\t\t\t\t\t\t\t\t<\/div>\n\t\t\t\t\t\t\t<\/div>\n\t\t\t\t\t\t<\/div>\n\t\t\t\t\t\t\n\t\t\t\t\t\t<div class=\"form-actions\">\n\t\t\t\t\t\t\t<button type=\"button\" id=\"submit-request\" class=\"submit-btn\">Send request<\/button>\n\t\t\t\t\t\t\t<button type=\"button\" id=\"add-more-products\" class=\"submit-btn\">Add 1 more item to request<\/button>\n\t\t\t\t\t\t<\/div>\n\t\t\t\t\t<\/div>\n\t\t\t\t<input type=\"hidden\" name=\"trp-form-language\" value=\"en\"\/><\/form>\n\t\t\t<\/div>\n\t\t\t\n\t\t\t\n\t\t\t<div id=\"error-popup\" class=\"error-popup\">\n\t\t\t\t<div class=\"error-popup-content\">\n\t\t\t\t\t<div class=\"error-popup-header\">\n\t\t\t\t\t\t<h3>Error<\/h3>\n\t\t\t\t\t\t<span class=\"error-popup-close\">&times;<\/span>\n\t\t\t\t\t<\/div>\n\t\t\t\t\t<div class=\"error-popup-body\">\n\t\t\t\t\t\t<ul id=\"error-list\">\n\t\t\t\t\t\t\t\n\t\t\t\t\t\t<\/ul>\n\t\t\t\t\t<\/div>\n\t\t\t\t\t<div class=\"error-popup-footer\">\n\t\t\t\t\t\t<button type=\"button\" class=\"error-popup-button\">Close<\/button>\n\t\t\t\t\t<\/div>\n\t\t\t\t<\/div>\n\t\t\t<\/div>\n\t\t\t\n\t\t\t\n\t\t\t<div id=\"products-sidebar\" class=\"products-sidebar\">\n\t\t\t\t<div class=\"sidebar-header\">\n\t\t\t\t\t<h3>Request list<\/h3>\n\t\t\t\t<\/div>\n\t\t\t\t<div id=\"products-list\" class=\"products-list\">\n\t\t\t\t\t\n\t\t\t\t<\/div>\n\t\t\t<\/div>\n\t\t\t\n\t\t\t\n\t\t\t<div id=\"contact-popup\" class=\"contact-popup\">\n\t\t\t\t<div class=\"contact-popup-content\">\n\t\t\t\t\t<div class=\"contact-popup-header\">\n\t\t\t\t\t\t<h3>Contact info<\/h3>\n\t\t\t\t\t\t<span class=\"contact-popup-close\">&times;<\/span>\n\t\t\t\t\t<\/div>\n\t\t\t\t\t<div class=\"contact-popup-body\">\n\t\t\t\t\t\t<div class=\"contact-columns\">\n\t\t\t\t\t\t\t<div class=\"contact-form-column\">\n\t\t\t\t\t\t\t\t<div class=\"form-group\">\n\t\t\t\t\t\t\t\t\t<label for=\"contact-name\">Fist name, Last name<\/label>\n\t\t\t\t\t\t\t\t\t<input type=\"text\" id=\"contact-name\" placeholder=\"Ievadiet v\u0101rdu un uzv\u0101rdu\">\n\t\t\t\t\t\t\t\t<\/div>\n\t\t\t\t\t\t\t\t<div class=\"form-group\">\n\t\t\t\t\t\t\t\t\t<label for=\"contact-email\">Email<\/label>\n\t\t\t\t\t\t\t\t\t<input type=\"email\" id=\"contact-email\" placeholder=\"Ievadiet e-pastu\">\n\t\t\t\t\t\t\t\t<\/div>\n\t\t\t\t\t\t\t\t<div class=\"form-group\">\n\t\t\t\t\t\t\t\t\t<label for=\"contact-phone\">Phone num.<\/label>\n\t\t\t\t\t\t\t\t\t<input type=\"tel\" id=\"contact-phone\" placeholder=\"Ievadiet t\u0101lru\u0146a numuru\">\n\t\t\t\t\t\t\t\t<\/div>\n\t\t\t\t\t\t\t<\/div>\n\t\t\t\t\t\t\t<div class=\"contact-image-column\">\n\t\t\t\t\t\t\t\t<img decoding=\"async\" src=\"\/wp-content\/uploads\/2025\/FEFCO\/kontakti.webp\" alt=\"Contacts\" class=\"contact-image\">\n\t\t\t\t\t\t\t<\/div>\n\t\t\t\t\t\t<\/div>\n\t\t\t\t\t<\/div>\n\t\t\t\t\t<div class=\"contact-popup-footer\">\n\t\t\t\t\t\t<button type=\"button\" id=\"contact-submit-btn\" class=\"submit-btn\">Send request<\/button>\n\t\t\t\t\t\t<button type=\"button\" id=\"contact-cancel-btn\" class=\"secondary-btn\">Cancel<\/button>\n\t\t\t\t\t<\/div>\n\t\t\t\t<\/div>\n\t\t\t<\/div>\n          \n          \n<\/div>\n\t\t\t\t\t\t<\/div>\n\t\t\t\t<\/div>\n\t\t\t\t\t<\/div>\n\t\t\t\t<\/div>\n\t\t\t\t<\/div>","protected":false},"excerpt":{"rendered":"","protected":false},"author":1,"featured_media":0,"parent":0,"menu_order":0,"comment_status":"closed","ping_status":"closed","template":"","meta":{"footnotes":""},"class_list":["post-2771","page","type-page","status-publish","hentry"],"_links":{"self":[{"href":"https:\/\/www.gofra.lv\/en\/wp-json\/wp\/v2\/pages\/2771","targetHints":{"allow":["GET"]}}],"collection":[{"href":"https:\/\/www.gofra.lv\/en\/wp-json\/wp\/v2\/pages"}],"about":[{"href":"https:\/\/www.gofra.lv\/en\/wp-json\/wp\/v2\/types\/page"}],"author":[{"embeddable":true,"href":"https:\/\/www.gofra.lv\/en\/wp-json\/wp\/v2\/users\/1"}],"replies":[{"embeddable":true,"href":"https:\/\/www.gofra.lv\/en\/wp-json\/wp\/v2\/comments?post=2771"}],"version-history":[{"count":0,"href":"https:\/\/www.gofra.lv\/en\/wp-json\/wp\/v2\/pages\/2771\/revisions"}],"wp:attachment":[{"href":"https:\/\/www.gofra.lv\/en\/wp-json\/wp\/v2\/media?parent=2771"}],"curies":[{"name":"wp","href":"https:\/\/api.w.org\/{rel}","templated":true}]}}