{"id":956,"date":"2025-03-03T18:44:38","date_gmt":"2025-03-03T15:44:38","guid":{"rendered":"http:\/\/test.gofra.lv\/?page_id=956"},"modified":"2025-11-27T23:35:28","modified_gmt":"2025-11-27T21:35:28","slug":"pasutijumu-sanemsana","status":"publish","type":"page","link":"https:\/\/www.gofra.lv\/en\/pasutijumu-sanemsana\/","title":{"rendered":"Order receipt"},"content":{"rendered":"<div data-elementor-type=\"wp-page\" data-elementor-id=\"956\" class=\"elementor elementor-956\" data-elementor-post-type=\"page\">\n\t\t\t\t<div class=\"elementor-element elementor-element-8c9717f e-flex e-con-boxed e-con e-parent\" data-id=\"8c9717f\" data-element_type=\"container\">\n\t\t\t\t\t<div class=\"e-con-inner\">\n\t\t\t\t<div class=\"elementor-element elementor-element-89d5fba elementor-widget elementor-widget-heading\" data-id=\"89d5fba\" data-element_type=\"widget\" data-widget_type=\"heading.default\">\n\t\t\t\t<div class=\"elementor-widget-container\">\n\t\t\t\t\t<h2 class=\"elementor-heading-title elementor-size-default\">M\u016bsu noliktava un ra\u017eotne atrodas: Daugavgr\u012bvas iela 78, R\u012bga, LV-1007<\/h2>\t\t\t\t<\/div>\n\t\t\t\t<\/div>\n\t\t<div class=\"elementor-element elementor-element-75d1881 e-con-full e-flex e-con e-child\" data-id=\"75d1881\" data-element_type=\"container\">\n\t\t<div class=\"elementor-element elementor-element-536a1fa e-con-full e-flex e-con e-child\" data-id=\"536a1fa\" data-element_type=\"container\">\n\t\t\t\t<div class=\"elementor-element elementor-element-13008e6 elementor-widget elementor-widget-google_maps\" data-id=\"13008e6\" data-element_type=\"widget\" data-widget_type=\"google_maps.default\">\n\t\t\t\t<div class=\"elementor-widget-container\">\n\t\t\t\t\t\t\t<div class=\"elementor-custom-embed\">\n\t\t\t<iframe loading=\"lazy\"\n\t\t\t\t\tsrc=\"https:\/\/maps.google.com\/maps?q=Jenson%20Iepakojums&#038;t=m&#038;z=14&#038;output=embed&#038;iwloc=near\"\n\t\t\t\t\ttitle=\"Jenson Iepakojums\"\n\t\t\t\t\taria-label=\"Jenson Iepakojums\"\n\t\t\t><\/iframe>\n\t\t<\/div>\n\t\t\t\t\t\t<\/div>\n\t\t\t\t<\/div>\n\t\t\t\t<\/div>\n\t\t<div class=\"elementor-element elementor-element-b47149e e-con-full e-flex e-con e-child\" data-id=\"b47149e\" data-element_type=\"container\">\n\t\t\t\t<div class=\"elementor-element elementor-element-a4cd4a0 elementor-widget elementor-widget-image\" data-id=\"a4cd4a0\" data-element_type=\"widget\" data-widget_type=\"image.default\">\n\t\t\t\t<div class=\"elementor-widget-container\">\n\t\t\t\t\t\t\t\t\t\t\t\t\t\t\t<img fetchpriority=\"high\" decoding=\"async\" width=\"800\" height=\"600\" src=\"https:\/\/www.gofra.lv\/wp-content\/uploads\/2025\/11\/Daugavgrivas-entry-1024x768.webp\" class=\"attachment-large size-large wp-image-5940\" alt=\"\" srcset=\"https:\/\/www.gofra.lv\/wp-content\/uploads\/2025\/11\/Daugavgrivas-entry-1024x768.webp 1024w, https:\/\/www.gofra.lv\/wp-content\/uploads\/2025\/11\/Daugavgrivas-entry-300x225.webp 300w, https:\/\/www.gofra.lv\/wp-content\/uploads\/2025\/11\/Daugavgrivas-entry-768x576.webp 768w, https:\/\/www.gofra.lv\/wp-content\/uploads\/2025\/11\/Daugavgrivas-entry-1536x1152.webp 1536w, https:\/\/www.gofra.lv\/wp-content\/uploads\/2025\/11\/Daugavgrivas-entry-16x12.webp 16w, https:\/\/www.gofra.lv\/wp-content\/uploads\/2025\/11\/Daugavgrivas-entry-600x450.webp 600w, https:\/\/www.gofra.lv\/wp-content\/uploads\/2025\/11\/Daugavgrivas-entry.webp 1920w\" sizes=\"(max-width: 800px) 100vw, 800px\" \/>\t\t\t\t\t\t\t\t\t\t\t\t\t\t\t<\/div>\n\t\t\t\t<\/div>\n\t\t\t\t<\/div>\n\t\t\t\t<\/div>\n\t\t<div class=\"elementor-element elementor-element-ad395cf e-con-full e-flex e-con e-child\" data-id=\"ad395cf\" data-element_type=\"container\">\n\t\t<div class=\"elementor-element elementor-element-454d473 e-con-full e-flex e-con e-child\" data-id=\"454d473\" data-element_type=\"container\">\n\t\t\t\t<div class=\"elementor-element elementor-element-9fe634e elementor-widget elementor-widget-image\" data-id=\"9fe634e\" data-element_type=\"widget\" data-widget_type=\"image.default\">\n\t\t\t\t<div class=\"elementor-widget-container\">\n\t\t\t\t\t\t\t\t\t\t\t\t\t\t\t<img decoding=\"async\" width=\"800\" height=\"727\" src=\"https:\/\/www.gofra.lv\/wp-content\/uploads\/2025\/11\/bell-1024x931.webp\" class=\"attachment-large size-large wp-image-5945\" alt=\"\" srcset=\"https:\/\/www.gofra.lv\/wp-content\/uploads\/2025\/11\/bell-1024x931.webp 1024w, https:\/\/www.gofra.lv\/wp-content\/uploads\/2025\/11\/bell-300x273.webp 300w, https:\/\/www.gofra.lv\/wp-content\/uploads\/2025\/11\/bell-768x698.webp 768w, https:\/\/www.gofra.lv\/wp-content\/uploads\/2025\/11\/bell-13x12.webp 13w, https:\/\/www.gofra.lv\/wp-content\/uploads\/2025\/11\/bell-600x545.webp 600w, https:\/\/www.gofra.lv\/wp-content\/uploads\/2025\/11\/bell.webp 1188w\" sizes=\"(max-width: 800px) 100vw, 800px\" \/>\t\t\t\t\t\t\t\t\t\t\t\t\t\t\t<\/div>\n\t\t\t\t<\/div>\n\t\t\t\t<div class=\"elementor-element elementor-element-2ca37fe elementor-widget elementor-widget-heading\" data-id=\"2ca37fe\" data-element_type=\"widget\" data-widget_type=\"heading.default\">\n\t\t\t\t<div class=\"elementor-widget-container\">\n\t\t\t\t\t<h2 class=\"elementor-heading-title elementor-size-default\">Regardless of whether you arrive on foot or by car, please press the doorbell button to enter<br> The gate will open in a few seconds \ud83d\ude42<\/h2>\t\t\t\t<\/div>\n\t\t\t\t<\/div>\n\t\t\t\t<\/div>\n\t\t<div class=\"elementor-element elementor-element-68576db e-con-full e-flex e-con e-child\" data-id=\"68576db\" data-element_type=\"container\">\n\t\t\t\t<div class=\"elementor-element elementor-element-ea6b0d5 elementor-widget elementor-widget-image\" data-id=\"ea6b0d5\" data-element_type=\"widget\" data-widget_type=\"image.default\">\n\t\t\t\t<div class=\"elementor-widget-container\">\n\t\t\t\t\t\t\t\t\t\t\t\t\t\t\t<img decoding=\"async\" width=\"800\" height=\"582\" src=\"https:\/\/www.gofra.lv\/wp-content\/uploads\/2025\/11\/map-1024x745.webp\" class=\"attachment-large size-large wp-image-5947\" alt=\"\" srcset=\"https:\/\/www.gofra.lv\/wp-content\/uploads\/2025\/11\/map-1024x745.webp 1024w, https:\/\/www.gofra.lv\/wp-content\/uploads\/2025\/11\/map-300x218.webp 300w, https:\/\/www.gofra.lv\/wp-content\/uploads\/2025\/11\/map-768x559.webp 768w, https:\/\/www.gofra.lv\/wp-content\/uploads\/2025\/11\/map-18x12.webp 18w, https:\/\/www.gofra.lv\/wp-content\/uploads\/2025\/11\/map-600x436.webp 600w, https:\/\/www.gofra.lv\/wp-content\/uploads\/2025\/11\/map.webp 1155w\" sizes=\"(max-width: 800px) 100vw, 800px\" \/>\t\t\t\t\t\t\t\t\t\t\t\t\t\t\t<\/div>\n\t\t\t\t<\/div>\n\t\t\t\t<\/div>\n\t\t<div class=\"elementor-element elementor-element-7fe8f1f e-con-full e-flex e-con e-child\" data-id=\"7fe8f1f\" data-element_type=\"container\">\n\t\t\t\t<div class=\"elementor-element elementor-element-09265b3 elementor-widget elementor-widget-image\" data-id=\"09265b3\" data-element_type=\"widget\" data-widget_type=\"image.default\">\n\t\t\t\t<div class=\"elementor-widget-container\">\n\t\t\t\t\t\t\t\t\t\t\t\t\t\t\t<img loading=\"lazy\" decoding=\"async\" width=\"800\" height=\"665\" src=\"https:\/\/www.gofra.lv\/wp-content\/uploads\/2025\/11\/entry.webp\" class=\"attachment-large size-large wp-image-5946\" alt=\"\" srcset=\"https:\/\/www.gofra.lv\/wp-content\/uploads\/2025\/11\/entry.webp 1004w, https:\/\/www.gofra.lv\/wp-content\/uploads\/2025\/11\/entry-300x249.webp 300w, https:\/\/www.gofra.lv\/wp-content\/uploads\/2025\/11\/entry-768x638.webp 768w, https:\/\/www.gofra.lv\/wp-content\/uploads\/2025\/11\/entry-14x12.webp 14w, https:\/\/www.gofra.lv\/wp-content\/uploads\/2025\/11\/entry-600x498.webp 600w\" sizes=\"(max-width: 800px) 100vw, 800px\" \/>\t\t\t\t\t\t\t\t\t\t\t\t\t\t\t<\/div>\n\t\t\t\t<\/div>\n\t\t\t\t<div class=\"elementor-element elementor-element-502e4e4 elementor-widget elementor-widget-heading\" data-id=\"502e4e4\" data-element_type=\"widget\" data-widget_type=\"heading.default\">\n\t\t\t\t<div class=\"elementor-widget-container\">\n\t\t\t\t\t<h2 class=\"elementor-heading-title elementor-size-default\">Our office is located on the 2nd floor.<\/h2>\t\t\t\t<\/div>\n\t\t\t\t<\/div>\n\t\t\t\t<\/div>\n\t\t\t\t<\/div>\n\t\t\t\t\t<\/div>\n\t\t\t\t<\/div>\n\t\t\t\t<\/div>","protected":false},"excerpt":{"rendered":"<p>M\u016bsu noliktava un ra\u017eotne atrodas: Daugavgr\u012bvas iela 78, R\u012bga, LV-1007 Neatkar\u012bgi no t\u0101, vai ierad\u0101ties k\u0101j\u0101m vai ar automa\u0161\u012bnu, lai iek\u013c\u016btu teritorij\u0101 &#8211; l\u016bdzam, viegli nospiediet zvana pogu. P\u0113c p\u0101ris sekund\u0113m v\u0101rti atv\u0113rsies \ud83d\ude42 M\u016bsu birojs atrodas 2. st\u0101v\u0101.<\/p>","protected":false},"author":1,"featured_media":0,"parent":0,"menu_order":0,"comment_status":"closed","ping_status":"closed","template":"","meta":{"footnotes":""},"class_list":["post-956","page","type-page","status-publish","hentry"],"_links":{"self":[{"href":"https:\/\/www.gofra.lv\/en\/wp-json\/wp\/v2\/pages\/956","targetHints":{"allow":["GET"]}}],"collection":[{"href":"https:\/\/www.gofra.lv\/en\/wp-json\/wp\/v2\/pages"}],"about":[{"href":"https:\/\/www.gofra.lv\/en\/wp-json\/wp\/v2\/types\/page"}],"author":[{"embeddable":true,"href":"https:\/\/www.gofra.lv\/en\/wp-json\/wp\/v2\/users\/1"}],"replies":[{"embeddable":true,"href":"https:\/\/www.gofra.lv\/en\/wp-json\/wp\/v2\/comments?post=956"}],"version-history":[{"count":9,"href":"https:\/\/www.gofra.lv\/en\/wp-json\/wp\/v2\/pages\/956\/revisions"}],"predecessor-version":[{"id":5967,"href":"https:\/\/www.gofra.lv\/en\/wp-json\/wp\/v2\/pages\/956\/revisions\/5967"}],"wp:attachment":[{"href":"https:\/\/www.gofra.lv\/en\/wp-json\/wp\/v2\/media?parent=956"}],"curies":[{"name":"wp","href":"https:\/\/api.w.org\/{rel}","templated":true}]}}