{"id":6033,"date":"2026-01-06T21:21:24","date_gmt":"2026-01-06T19:21:24","guid":{"rendered":"https:\/\/www.gofra.lv\/?post_type=product&#038;p=6033"},"modified":"2026-01-06T21:36:06","modified_gmt":"2026-01-06T19:36:06","slug":"100x100x25-gofreta-kartona-sturisi","status":"publish","type":"product","link":"https:\/\/www.gofra.lv\/en\/veikals\/kartona-sturisi\/100x100x25-gofreta-kartona-sturisi\/","title":{"rendered":"100x100x25 gofr\u0113ta kartona st\u016br\u012b\u0161i"},"content":{"rendered":"","protected":false},"excerpt":{"rendered":"","protected":false},"featured_media":6035,"template":"","meta":[],"product_brand":[],"product_cat":[46],"product_tag":[],"class_list":{"0":"post-6033","1":"product","2":"type-product","3":"status-publish","4":"has-post-thumbnail","6":"product_cat-kartona-sturisi","7":"pa_augstums-386","8":"pa_fefco-spec","9":"pa_garums-385","10":"pa_gofreta-kartona-profils-e-15-mm","11":"pa_platums-257","13":"first","14":"instock","15":"taxable","16":"shipping-taxable","17":"purchasable","18":"product-type-simple"},"_links":{"self":[{"href":"https:\/\/www.gofra.lv\/en\/wp-json\/wp\/v2\/product\/6033","targetHints":{"allow":["GET"]}}],"collection":[{"href":"https:\/\/www.gofra.lv\/en\/wp-json\/wp\/v2\/product"}],"about":[{"href":"https:\/\/www.gofra.lv\/en\/wp-json\/wp\/v2\/types\/product"}],"wp:featuredmedia":[{"embeddable":true,"href":"https:\/\/www.gofra.lv\/en\/wp-json\/wp\/v2\/media\/6035"}],"wp:attachment":[{"href":"https:\/\/www.gofra.lv\/en\/wp-json\/wp\/v2\/media?parent=6033"}],"wp:term":[{"taxonomy":"product_brand","embeddable":true,"href":"https:\/\/www.gofra.lv\/en\/wp-json\/wp\/v2\/product_brand?post=6033"},{"taxonomy":"product_cat","embeddable":true,"href":"https:\/\/www.gofra.lv\/en\/wp-json\/wp\/v2\/product_cat?post=6033"},{"taxonomy":"product_tag","embeddable":true,"href":"https:\/\/www.gofra.lv\/en\/wp-json\/wp\/v2\/product_tag?post=6033"}],"curies":[{"name":"wp","href":"https:\/\/api.w.org\/{rel}","templated":true}]}}